{"id":18752,"date":"2023-04-17T11:28:06","date_gmt":"2023-04-17T18:28:06","guid":{"rendered":"https:\/\/www.soledadgeneralplan2045.com\/?page_id=18752"},"modified":"2023-12-11T09:26:22","modified_gmt":"2023-12-11T17:26:22","slug":"project-components-and-schedule","status":"publish","type":"page","link":"https:\/\/www.soledadgeneralplan2045.com\/es\/project-components-and-schedule\/","title":{"rendered":"Componentes del proyecto y calendario"},"content":{"rendered":"<div data-elementor-type=\"wp-page\" data-elementor-id=\"18752\" class=\"elementor elementor-18752\">\n\t\t\t\t\t\t<section class=\"elementor-section elementor-top-section elementor-element elementor-element-500c5e9 elementor-section-height-min-height elementor-section-boxed elementor-section-height-default elementor-section-items-middle\" data-id=\"500c5e9\" data-element_type=\"section\" data-e-type=\"section\" data-settings=\"{&quot;background_background&quot;:&quot;classic&quot;}\">\n\t\t\t\t\t\t\t<div class=\"elementor-background-overlay\"><\/div>\n\t\t\t\t\t\t\t<div class=\"elementor-container elementor-column-gap-extended\">\n\t\t\t\t\t<div class=\"elementor-column elementor-col-100 elementor-top-column elementor-element elementor-element-40e4d85\" data-id=\"40e4d85\" data-element_type=\"column\" data-e-type=\"column\">\n\t\t\t<div class=\"elementor-widget-wrap elementor-element-populated\">\n\t\t\t\t\t\t<div class=\"elementor-element elementor-element-4da608e elementor-widget elementor-widget-heading\" data-id=\"4da608e\" data-element_type=\"widget\" data-e-type=\"widget\" data-widget_type=\"heading.default\">\n\t\t\t\t<div class=\"elementor-widget-container\">\n\t\t\t\t\t<h2 class=\"elementor-heading-title elementor-size-default\">Componentes del proyecto y calendario<\/h2>\t\t\t\t<\/div>\n\t\t\t\t<\/div>\n\t\t\t\t\t<\/div>\n\t\t<\/div>\n\t\t\t\t\t<\/div>\n\t\t<\/section>\n\t\t\t\t<section class=\"elementor-section elementor-top-section elementor-element elementor-element-0144665 elementor-section-full_width elementor-section-height-default elementor-section-height-default\" data-id=\"0144665\" data-element_type=\"section\" data-e-type=\"section\">\n\t\t\t\t\t\t<div class=\"elementor-container elementor-column-gap-no\">\n\t\t\t\t\t<div class=\"elementor-column elementor-col-100 elementor-top-column elementor-element elementor-element-e9a40b7\" data-id=\"e9a40b7\" data-element_type=\"column\" data-e-type=\"column\">\n\t\t\t<div class=\"elementor-widget-wrap\">\n\t\t\t\t\t\t\t<\/div>\n\t\t<\/div>\n\t\t\t\t\t<\/div>\n\t\t<\/section>\n\t\t\t\t<section class=\"elementor-section elementor-top-section elementor-element elementor-element-a4925cc elementor-section-boxed elementor-section-height-default elementor-section-height-default\" data-id=\"a4925cc\" data-element_type=\"section\" data-e-type=\"section\">\n\t\t\t\t\t\t<div class=\"elementor-container elementor-column-gap-extended\">\n\t\t\t\t\t<div class=\"elementor-column elementor-col-100 elementor-top-column elementor-element elementor-element-fb48a28\" data-id=\"fb48a28\" data-element_type=\"column\" data-e-type=\"column\">\n\t\t\t<div class=\"elementor-widget-wrap elementor-element-populated\">\n\t\t\t\t\t\t<div class=\"elementor-element elementor-element-0e36d3f elementor-widget elementor-widget-menu-anchor\" data-id=\"0e36d3f\" data-element_type=\"widget\" data-e-type=\"widget\" data-widget_type=\"menu-anchor.default\">\n\t\t\t\t<div class=\"elementor-widget-container\">\n\t\t\t\t\t\t\t<div class=\"elementor-menu-anchor\" id=\"projectcomponents\"><\/div>\n\t\t\t\t\t\t<\/div>\n\t\t\t\t<\/div>\n\t\t\t\t<div class=\"elementor-element elementor-element-9b8f70c elementor-widget elementor-widget-heading\" data-id=\"9b8f70c\" data-element_type=\"widget\" data-e-type=\"widget\" data-widget_type=\"heading.default\">\n\t\t\t\t<div class=\"elementor-widget-container\">\n\t\t\t\t\t<h2 class=\"elementor-heading-title elementor-size-default\">Componentes del Proyecto<\/h2>\t\t\t\t<\/div>\n\t\t\t\t<\/div>\n\t\t\t\t<div class=\"elementor-element elementor-element-fb2fe85 elementor-widget elementor-widget-spacer\" data-id=\"fb2fe85\" data-element_type=\"widget\" data-e-type=\"widget\" data-widget_type=\"spacer.default\">\n\t\t\t\t<div class=\"elementor-widget-container\">\n\t\t\t\t\t\t\t<div class=\"elementor-spacer\">\n\t\t\t<div class=\"elementor-spacer-inner\"><\/div>\n\t\t<\/div>\n\t\t\t\t\t\t<\/div>\n\t\t\t\t<\/div>\n\t\t\t\t<div class=\"elementor-element elementor-element-2334ad6 elementor-widget elementor-widget-text-editor\" data-id=\"2334ad6\" data-element_type=\"widget\" data-e-type=\"widget\" data-widget_type=\"text-editor.default\">\n\t\t\t\t<div class=\"elementor-widget-container\">\n\t\t\t\t\t\t\t\t\t<p><span style=\"color: #000000; letter-spacing: 0px;\">Se espera que la actualizaci\u00f3n del Plan General se complete en 2025. Los pasos del proyecto se describen a continuaci\u00f3n<\/span>.<\/p><ol><li><strong>Libro informativo y visi\u00f3n<\/strong>. Uno de los primeros pasos en la Actualizaci\u00f3n del Plan General es establecer la visi\u00f3n de la comunidad para Soledad en 2045. Crear un Plan General que represente los principios y valores b\u00e1sicos compartidos de los residentes de Soledad es la prioridad principal de la Actualizaci\u00f3n del Plan General. Para apoyar este proceso de visi\u00f3n, se llevar\u00e1 a cabo un an\u00e1lisis de las condiciones existentes en Soledad. Esta informaci\u00f3n se compilar\u00e1 en un libro de resumen. El libro de resumen tendra informaci\u00f3n relevante, incluyendo mapas, infograf\u00edas, tablas y fotograf\u00edas del an\u00e1lisis de condiciones existentes. La revisi\u00f3n de las condiciones existentes comenz\u00f3 en febrero de 2023 y se completar\u00e1 alrededor de agosto de 2023. La fase de visionado tomar\u00e1 lugar entre el 2023 de septiembre y el 2023 de diciembre. El alcance comunitario ser\u00e1 parte de la fase de visionado.<\/li><li><strong>Evaluar alternativas e identificar la alternativa preferida<\/strong>. En otra fase temprana del proyecto, el equipo del proyecto evaluar\u00e1 hasta tres alternativas al proyecto propuesto, una de las cuales ser\u00e1 la alternativa de no proyecto requerida por CEQA. Despu\u00e9s de identificar y evaluar una variedad de alternativos de uso del terreno y circulaci\u00f3n, pediremos a los miembros de la comunidad, al Comit\u00e9 Asesor del Plan General, a la Comisi\u00f3n de Planificaci\u00f3n y al Ayuntamiento que ayuden a identificar un Uso Preferido de la Tierra para el Plan General. La Alternativa Preferida de Uso de la Tierra ser\u00e1 la base para el Mapa de Uso de la Tierra del Plan General y guiar\u00e1 el tipo y ubicaci\u00f3n del desarrollo y conservaci\u00f3n de la tierra en la ciudad. Este proceso comenzar\u00e1 alrededor del 2023 de agosto y continuar\u00e1 hasta el febrero de 2024.<\/li><li><strong>Proyecto de Plan General y Revisi\u00f3n Ambiental. <\/strong>Una vez que tengamos la visi\u00f3n y la Alternativa Preferida de Uso de la Tierra y Circulaci\u00f3n, el siguiente paso ser\u00e1 actualizar el documento del Plan General. Cada ciudad y condado en California debe adoptar un plan general. Un plan general establece metas, pol\u00edticas y acciones relacionadas con una variedad de temas c\u00edvicos. Estos temas est\u00e1n organizados en \u201celementos\u201d o cap\u00edtulos espec\u00edficos del plan general. Los siguientes ocho elementos son requeridos por la ley estatal: uso de la tierra, espacio abierto, transporte, vivienda, conservaci\u00f3n,  seguridad, ruido y justicia ambiental. Estos elementos se pueden combinar o presentar en cualquier orden que mejor se adapte a la comunidad. Soledad le falta un elemento requerido por el Estado, la justicia ambiental, esto se tomara en cuenta en la pr\u00f3xima Actualizaci\u00f3n del Plan General. La Actualizaci\u00f3n del Plan General comenzar\u00e1 a partir del Plan General existente y actualizar\u00e1 cada uno de sus elementos. Sin embargo, el contenido espec\u00edfico de los elementos puede cambiar y evolucionar en funci\u00f3n de los comentarios de la comunidad. Como parte del proceso de actualizaci\u00f3n, algunos elementos tambi\u00e9n pueden combinarse. Durante este tiempo se crear\u00e1 el Informe de Impacto Ambiental (EIR) para el Plan General actualizado. El EIR abordar\u00e1 las \u00e1reas en las que el Plan General actualizado podr\u00eda crear un impacto ambiental significativo y, si es necesario, proporcionar\u00e1 medidas de mitigaci\u00f3n para disminuir los impactos identificados. El EIR ser\u00e1 un documento p\u00fablico con un proceso y tiempo de revisi\u00f3n p\u00fablica legalmente requeridos. La redacci\u00f3n del Plan General y la EIR comenzar\u00e1 en marzo de 2024 y concluir\u00e1 en octubre de 2024.<\/li><li><strong>Revisi\u00f3n p\u00fablica y adopci\u00f3n.<\/strong> La fase de adopci\u00f3n incluye reuniones formales con la Comisi\u00f3n de Planificaci\u00f3n y el Ayuntamiento para considerar los comentarios finales de la comunidad sobre el borrador del Plan General y el EIR. Esta fase tambi\u00e9n incluir\u00e1 oportunidades para la opini\u00f3n p\u00fablica y comentarios del Comit\u00e9 Asesor del Plan General. Despu\u00e9s de la revisi\u00f3n y los comentarios, la Comisi\u00f3n de Planificaci\u00f3n y el Ayuntamiento tendr\u00e1n reuniones y considerar\u00e1n el Plan General para la Adopci\u00f3n. Finalmente, la Comisi\u00f3n de Planificaci\u00f3n har\u00e1 una recomendaci\u00f3n al Ayuntamiento, y el Ayuntamiento certificar\u00e1 el EIR y adoptar\u00e1 el Plan General.<\/li><\/ol>\t\t\t\t\t\t\t\t<\/div>\n\t\t\t\t<\/div>\n\t\t\t\t<div class=\"elementor-element elementor-element-b037e37 elementor-widget elementor-widget-menu-anchor\" data-id=\"b037e37\" data-element_type=\"widget\" data-e-type=\"widget\" data-widget_type=\"menu-anchor.default\">\n\t\t\t\t<div class=\"elementor-widget-container\">\n\t\t\t\t\t\t\t<div class=\"elementor-menu-anchor\" id=\"schedule\"><\/div>\n\t\t\t\t\t\t<\/div>\n\t\t\t\t<\/div>\n\t\t\t\t<div class=\"elementor-element elementor-element-6baaea5 elementor-widget elementor-widget-heading\" data-id=\"6baaea5\" data-element_type=\"widget\" data-e-type=\"widget\" data-widget_type=\"heading.default\">\n\t\t\t\t<div class=\"elementor-widget-container\">\n\t\t\t\t\t<h2 class=\"elementor-heading-title elementor-size-default\">Calendario<\/h2>\t\t\t\t<\/div>\n\t\t\t\t<\/div>\n\t\t\t\t<div class=\"elementor-element elementor-element-eaca509 elementor-widget elementor-widget-spacer\" data-id=\"eaca509\" data-element_type=\"widget\" data-e-type=\"widget\" data-widget_type=\"spacer.default\">\n\t\t\t\t<div class=\"elementor-widget-container\">\n\t\t\t\t\t\t\t<div class=\"elementor-spacer\">\n\t\t\t<div class=\"elementor-spacer-inner\"><\/div>\n\t\t<\/div>\n\t\t\t\t\t\t<\/div>\n\t\t\t\t<\/div>\n\t\t\t\t<div class=\"elementor-element elementor-element-a0f7384 elementor-widget elementor-widget-spacer\" data-id=\"a0f7384\" data-element_type=\"widget\" data-e-type=\"widget\" data-widget_type=\"spacer.default\">\n\t\t\t\t<div class=\"elementor-widget-container\">\n\t\t\t\t\t\t\t<div class=\"elementor-spacer\">\n\t\t\t<div class=\"elementor-spacer-inner\"><\/div>\n\t\t<\/div>\n\t\t\t\t\t\t<\/div>\n\t\t\t\t<\/div>\n\t\t\t\t<div class=\"elementor-element elementor-element-f0a3552 elementor-widget elementor-widget-image\" data-id=\"f0a3552\" data-element_type=\"widget\" data-e-type=\"widget\" data-widget_type=\"image.default\">\n\t\t\t\t<div class=\"elementor-widget-container\">\n\t\t\t\t\t\t\t\t\t\t\t\t\t\t\t<img fetchpriority=\"high\" decoding=\"async\" width=\"1024\" height=\"674\" src=\"https:\/\/www.soledadgeneralplan2045.com\/wp-content\/uploads\/2023\/12\/Soledad_Project_Timeline_v05-1-1024x674.jpg\" class=\"attachment-large size-large wp-image-20272\" alt=\"\" srcset=\"https:\/\/www.soledadgeneralplan2045.com\/wp-content\/uploads\/2023\/12\/Soledad_Project_Timeline_v05-1-1024x674.jpg 1024w, https:\/\/www.soledadgeneralplan2045.com\/wp-content\/uploads\/2023\/12\/Soledad_Project_Timeline_v05-1-300x198.jpg 300w, https:\/\/www.soledadgeneralplan2045.com\/wp-content\/uploads\/2023\/12\/Soledad_Project_Timeline_v05-1-768x506.jpg 768w, https:\/\/www.soledadgeneralplan2045.com\/wp-content\/uploads\/2023\/12\/Soledad_Project_Timeline_v05-1-1536x1011.jpg 1536w, https:\/\/www.soledadgeneralplan2045.com\/wp-content\/uploads\/2023\/12\/Soledad_Project_Timeline_v05-1-2048x1349.jpg 2048w, https:\/\/www.soledadgeneralplan2045.com\/wp-content\/uploads\/2023\/12\/Soledad_Project_Timeline_v05-1-18x12.jpg 18w, https:\/\/www.soledadgeneralplan2045.com\/wp-content\/uploads\/2023\/12\/Soledad_Project_Timeline_v05-1-1568x1033.jpg 1568w\" sizes=\"(max-width: 1024px) 100vw, 1024px\" \/>\t\t\t\t\t\t\t\t\t\t\t\t\t\t\t<\/div>\n\t\t\t\t<\/div>\n\t\t\t\t<div class=\"elementor-element elementor-element-73af661 elementor-widget elementor-widget-spacer\" data-id=\"73af661\" data-element_type=\"widget\" data-e-type=\"widget\" data-widget_type=\"spacer.default\">\n\t\t\t\t<div class=\"elementor-widget-container\">\n\t\t\t\t\t\t\t<div class=\"elementor-spacer\">\n\t\t\t<div class=\"elementor-spacer-inner\"><\/div>\n\t\t<\/div>\n\t\t\t\t\t\t<\/div>\n\t\t\t\t<\/div>\n\t\t\t\t<div class=\"elementor-element elementor-element-a276503 elementor-widget elementor-widget-spacer\" data-id=\"a276503\" data-element_type=\"widget\" data-e-type=\"widget\" data-widget_type=\"spacer.default\">\n\t\t\t\t<div class=\"elementor-widget-container\">\n\t\t\t\t\t\t\t<div class=\"elementor-spacer\">\n\t\t\t<div class=\"elementor-spacer-inner\"><\/div>\n\t\t<\/div>\n\t\t\t\t\t\t<\/div>\n\t\t\t\t<\/div>\n\t\t\t\t<div class=\"elementor-element elementor-element-bf3469d elementor-widget elementor-widget-image\" data-id=\"bf3469d\" data-element_type=\"widget\" data-e-type=\"widget\" data-widget_type=\"image.default\">\n\t\t\t\t<div class=\"elementor-widget-container\">\n\t\t\t\t\t\t\t\t\t\t\t\t\t\t\t<img decoding=\"async\" width=\"1024\" height=\"674\" src=\"https:\/\/www.soledadgeneralplan2045.com\/wp-content\/uploads\/2023\/12\/Soledad_Project_Timeline_v05_Spanish-1-1024x674.jpg\" class=\"attachment-large size-large wp-image-20273\" alt=\"\" srcset=\"https:\/\/www.soledadgeneralplan2045.com\/wp-content\/uploads\/2023\/12\/Soledad_Project_Timeline_v05_Spanish-1-1024x674.jpg 1024w, https:\/\/www.soledadgeneralplan2045.com\/wp-content\/uploads\/2023\/12\/Soledad_Project_Timeline_v05_Spanish-1-300x198.jpg 300w, https:\/\/www.soledadgeneralplan2045.com\/wp-content\/uploads\/2023\/12\/Soledad_Project_Timeline_v05_Spanish-1-768x506.jpg 768w, https:\/\/www.soledadgeneralplan2045.com\/wp-content\/uploads\/2023\/12\/Soledad_Project_Timeline_v05_Spanish-1-1536x1011.jpg 1536w, https:\/\/www.soledadgeneralplan2045.com\/wp-content\/uploads\/2023\/12\/Soledad_Project_Timeline_v05_Spanish-1-2048x1349.jpg 2048w, https:\/\/www.soledadgeneralplan2045.com\/wp-content\/uploads\/2023\/12\/Soledad_Project_Timeline_v05_Spanish-1-18x12.jpg 18w, https:\/\/www.soledadgeneralplan2045.com\/wp-content\/uploads\/2023\/12\/Soledad_Project_Timeline_v05_Spanish-1-1568x1033.jpg 1568w\" sizes=\"(max-width: 1024px) 100vw, 1024px\" \/>\t\t\t\t\t\t\t\t\t\t\t\t\t\t\t<\/div>\n\t\t\t\t<\/div>\n\t\t\t\t\t<\/div>\n\t\t<\/div>\n\t\t\t\t\t<\/div>\n\t\t<\/section>\n\t\t\t\t<\/div>","protected":false},"excerpt":{"rendered":"<p>Project Components and Schedule Project Components The General Plan Update is anticipated to be completed in 2025. The steps of the project and schedule are outlined below. Briefing Book and [&hellip;]<\/p>","protected":false},"author":3,"featured_media":0,"parent":0,"menu_order":0,"comment_status":"closed","ping_status":"closed","template":"elementor_header_footer","meta":{"_EventAllDay":false,"_EventTimezone":"","_EventStartDate":"","_EventEndDate":"","_EventStartDateUTC":"","_EventEndDateUTC":"","_EventShowMap":false,"_EventShowMapLink":false,"_EventURL":"","_EventCost":"","_EventCostDescription":"","_EventCurrencySymbol":"","_EventCurrencyCode":"","_EventCurrencyPosition":"","_EventDateTimeSeparator":"","_EventTimeRangeSeparator":"","_EventOrganizerID":[],"_EventVenueID":[],"_OrganizerEmail":"","_OrganizerPhone":"","_OrganizerWebsite":"","_VenueAddress":"","_VenueCity":"","_VenueCountry":"","_VenueProvince":"","_VenueState":"","_VenueZip":"","_VenuePhone":"","_VenueURL":"","_VenueStateProvince":"","_VenueLat":"","_VenueLng":"","_VenueShowMap":false,"_VenueShowMapLink":false,"_mc_calendar":[],"footnotes":""},"class_list":["post-18752","page","type-page","status-publish","hentry"],"aioseo_notices":[],"_links":{"self":[{"href":"https:\/\/www.soledadgeneralplan2045.com\/es\/wp-json\/wp\/v2\/pages\/18752","targetHints":{"allow":["GET"]}}],"collection":[{"href":"https:\/\/www.soledadgeneralplan2045.com\/es\/wp-json\/wp\/v2\/pages"}],"about":[{"href":"https:\/\/www.soledadgeneralplan2045.com\/es\/wp-json\/wp\/v2\/types\/page"}],"author":[{"embeddable":true,"href":"https:\/\/www.soledadgeneralplan2045.com\/es\/wp-json\/wp\/v2\/users\/3"}],"replies":[{"embeddable":true,"href":"https:\/\/www.soledadgeneralplan2045.com\/es\/wp-json\/wp\/v2\/comments?post=18752"}],"version-history":[{"count":133,"href":"https:\/\/www.soledadgeneralplan2045.com\/es\/wp-json\/wp\/v2\/pages\/18752\/revisions"}],"predecessor-version":[{"id":20279,"href":"https:\/\/www.soledadgeneralplan2045.com\/es\/wp-json\/wp\/v2\/pages\/18752\/revisions\/20279"}],"wp:attachment":[{"href":"https:\/\/www.soledadgeneralplan2045.com\/es\/wp-json\/wp\/v2\/media?parent=18752"}],"curies":[{"name":"wp","href":"https:\/\/api.w.org\/{rel}","templated":true}]}}