{"id":18764,"date":"2023-04-17T11:59:54","date_gmt":"2023-04-17T18:59:54","guid":{"rendered":"https:\/\/www.soledadgeneralplan2045.com\/?page_id=18764"},"modified":"2023-05-03T15:10:10","modified_gmt":"2023-05-03T22:10:10","slug":"frequently-asked-questions","status":"publish","type":"page","link":"https:\/\/www.soledadgeneralplan2045.com\/es\/frequently-asked-questions\/","title":{"rendered":"Preguntas m\u00e1s frecuentes"},"content":{"rendered":"<div data-elementor-type=\"wp-page\" data-elementor-id=\"18764\" class=\"elementor elementor-18764\">\n\t\t\t\t\t\t<section class=\"elementor-section elementor-top-section elementor-element elementor-element-5408e6c elementor-section-height-min-height elementor-section-boxed elementor-section-height-default elementor-section-items-middle\" data-id=\"5408e6c\" data-element_type=\"section\" data-e-type=\"section\" data-settings=\"{&quot;background_background&quot;:&quot;classic&quot;}\">\n\t\t\t\t\t\t\t<div class=\"elementor-background-overlay\"><\/div>\n\t\t\t\t\t\t\t<div class=\"elementor-container elementor-column-gap-extended\">\n\t\t\t\t\t<div class=\"elementor-column elementor-col-100 elementor-top-column elementor-element elementor-element-f517088\" data-id=\"f517088\" data-element_type=\"column\" data-e-type=\"column\">\n\t\t\t<div class=\"elementor-widget-wrap elementor-element-populated\">\n\t\t\t\t\t\t<div class=\"elementor-element elementor-element-76d931a elementor-widget elementor-widget-heading\" data-id=\"76d931a\" data-element_type=\"widget\" data-e-type=\"widget\" data-widget_type=\"heading.default\">\n\t\t\t\t<div class=\"elementor-widget-container\">\n\t\t\t\t\t<h1 class=\"elementor-heading-title elementor-size-default\">Preguntas m\u00e1s frecuentes<\/h1>\t\t\t\t<\/div>\n\t\t\t\t<\/div>\n\t\t\t\t\t<\/div>\n\t\t<\/div>\n\t\t\t\t\t<\/div>\n\t\t<\/section>\n\t\t\t\t<section class=\"elementor-section elementor-top-section elementor-element elementor-element-3eae681 elementor-section-boxed elementor-section-height-default elementor-section-height-default\" data-id=\"3eae681\" data-element_type=\"section\" data-e-type=\"section\">\n\t\t\t\t\t\t<div class=\"elementor-container elementor-column-gap-extended\">\n\t\t\t\t\t<div class=\"elementor-column elementor-col-100 elementor-top-column elementor-element elementor-element-0fb43d3\" data-id=\"0fb43d3\" data-element_type=\"column\" data-e-type=\"column\">\n\t\t\t<div class=\"elementor-widget-wrap elementor-element-populated\">\n\t\t\t\t\t\t<div class=\"elementor-element elementor-element-af15dc8 elementor-widget elementor-widget-accordion\" data-id=\"af15dc8\" data-element_type=\"widget\" data-e-type=\"widget\" data-widget_type=\"accordion.default\">\n\t\t\t\t<div class=\"elementor-widget-container\">\n\t\t\t\t\t\t\t<div class=\"elementor-accordion\">\n\t\t\t\t\t\t\t<div class=\"elementor-accordion-item\">\n\t\t\t\t\t<div id=\"elementor-tab-title-1831\" class=\"elementor-tab-title\" data-tab=\"1\" role=\"button\" aria-controls=\"elementor-tab-content-1831\" aria-expanded=\"false\">\n\t\t\t\t\t\t\t\t\t\t\t\t\t<span class=\"elementor-accordion-icon elementor-accordion-icon-left\" aria-hidden=\"true\">\n\t\t\t\t\t\t\t\t\t\t\t\t\t\t\t<span class=\"elementor-accordion-icon-closed\"><i class=\"fas fa-caret-right\"><\/i><\/span>\n\t\t\t\t\t\t\t\t<span class=\"elementor-accordion-icon-opened\"><i class=\"fas fa-caret-down\"><\/i><\/span>\n\t\t\t\t\t\t\t\t\t\t\t\t\t\t<\/span>\n\t\t\t\t\t\t\t\t\t\t\t\t<a class=\"elementor-accordion-title\" tabindex=\"0\">\u00bfQu\u00e9 es un Plan General?<\/a>\n\t\t\t\t\t<\/div>\n\t\t\t\t\t<div id=\"elementor-tab-content-1831\" class=\"elementor-tab-content elementor-clearfix\" data-tab=\"1\" role=\"region\" aria-labelledby=\"elementor-tab-title-1831\"><p>El Plan General es el documento que incluye la base para el crecimiento y desarrollo de Soledad. Un Plan General se describe usualmente como la \u201cconstituci\u00f3n\u201d que gu\u00eda el desarrollo de una ciudad, por un per\u00edodo de 20 a\u00f1os. Establece una visi\u00f3n para el futuro, as\u00ed como las pol\u00edticas y medidas de implementaci\u00f3n que ayudar\u00e1n a la comunidad a lograr esa visi\u00f3n. Aborda los nueve temas requeridos por la ley estatal: uso del terreno, vivienda, espacio abierto, circulaci\u00f3n, conservaci\u00f3n, seguridad, ruido, justicia ambiental y calidad del aire. Es la base sobre las decisiones y la regulaci\u00f3nes que afectan el uso de la tierra.<\/p><\/div>\n\t\t\t\t<\/div>\n\t\t\t\t\t\t\t<div class=\"elementor-accordion-item\">\n\t\t\t\t\t<div id=\"elementor-tab-title-1832\" class=\"elementor-tab-title\" data-tab=\"2\" role=\"button\" aria-controls=\"elementor-tab-content-1832\" aria-expanded=\"false\">\n\t\t\t\t\t\t\t\t\t\t\t\t\t<span class=\"elementor-accordion-icon elementor-accordion-icon-left\" aria-hidden=\"true\">\n\t\t\t\t\t\t\t\t\t\t\t\t\t\t\t<span class=\"elementor-accordion-icon-closed\"><i class=\"fas fa-caret-right\"><\/i><\/span>\n\t\t\t\t\t\t\t\t<span class=\"elementor-accordion-icon-opened\"><i class=\"fas fa-caret-down\"><\/i><\/span>\n\t\t\t\t\t\t\t\t\t\t\t\t\t\t<\/span>\n\t\t\t\t\t\t\t\t\t\t\t\t<a class=\"elementor-accordion-title\" tabindex=\"0\">\u00bfPor qu\u00e9 actualizar el Plan General?<\/a>\n\t\t\t\t\t<\/div>\n\t\t\t\t\t<div id=\"elementor-tab-content-1832\" class=\"elementor-tab-content elementor-clearfix\" data-tab=\"2\" role=\"region\" aria-labelledby=\"elementor-tab-title-1832\"><p>Cada ciudad y condado en California debe adoptar un plan general, seg\u00fan la ley estatal. La gu\u00eda de la Oficina Estatal de Planificaci\u00f3n e Investigaci\u00f3n (OPR) establece que los Planes Generales tradicionalmente han tenido un per\u00edodo de 15 a 20 a\u00f1os. Para lograr esto, la mayor\u00eda de los expertos coinciden en que el Plan General debe actualizarse cada 10 a\u00f1os para que se actualice de forma continua y que tenga en cuenta el per\u00edodo de 15 a 20 a\u00f1os.<\/p><p>La Ciudad actualiz\u00f3 el Plan General de Soledad en 2005. La Actualizaci\u00f3n del Plan General proporcionar\u00e1 una oportunidad para que la comunidad revise las pol\u00edticas actuales y haga cambios que guiar\u00e1n a Soledad a trav\u00e9s de los pr\u00f3ximos 20 a\u00f1os. Adem\u00e1s, la Ciudad necesitar\u00e1 incorporar nueva informaci\u00f3n y pol\u00edticas para seguir cumpliendo con la ley estatal actual (vea la siguiente pregunta).<\/p><\/div>\n\t\t\t\t<\/div>\n\t\t\t\t\t\t\t<div class=\"elementor-accordion-item\">\n\t\t\t\t\t<div id=\"elementor-tab-title-1833\" class=\"elementor-tab-title\" data-tab=\"3\" role=\"button\" aria-controls=\"elementor-tab-content-1833\" aria-expanded=\"false\">\n\t\t\t\t\t\t\t\t\t\t\t\t\t<span class=\"elementor-accordion-icon elementor-accordion-icon-left\" aria-hidden=\"true\">\n\t\t\t\t\t\t\t\t\t\t\t\t\t\t\t<span class=\"elementor-accordion-icon-closed\"><i class=\"fas fa-caret-right\"><\/i><\/span>\n\t\t\t\t\t\t\t\t<span class=\"elementor-accordion-icon-opened\"><i class=\"fas fa-caret-down\"><\/i><\/span>\n\t\t\t\t\t\t\t\t\t\t\t\t\t\t<\/span>\n\t\t\t\t\t\t\t\t\t\t\t\t<a class=\"elementor-accordion-title\" tabindex=\"0\">\u00bfC\u00f3mo me afectar\u00e1 la actualizaci\u00f3n del Plan General de Soledad?<\/a>\n\t\t\t\t\t<\/div>\n\t\t\t\t\t<div id=\"elementor-tab-content-1833\" class=\"elementor-tab-content elementor-clearfix\" data-tab=\"3\" role=\"region\" aria-labelledby=\"elementor-tab-title-1833\"><p>El Plan General determina c\u00f3mo y d\u00f3nde puede ocurrir el crecimiento y desarrollo futuro, y c\u00f3mo se gestionar\u00e1 el crecimiento para proteger la calidad de vida en la ciudad. Tambi\u00e9n sirve como base para los requisitos de zonificaci\u00f3n, que especifican c\u00f3mo puede usar su propiedad y c\u00f3mo sus vecinos y otros pueden usar sus propiedades. Adem\u00e1s, el Plan General especifica c\u00f3mo la Ciudad tomar\u00e1 decisiones sobre temas importantes que nos afectan a todos, como el tr\u00e1fico, empleos, vivienda, calidad ambiental, peligros naturales y servicios p\u00fablicos, incluyendo c\u00f3mo priorizar mejoras e inversiones relacionadas con estos temas. Otras formas espec\u00edficas en las que el Plan General podr\u00eda afectarle son:<\/p><ul><li>Qu\u00e9 tan f\u00e1cil es llegar a su trabajo y servicios<\/li><li>D\u00f3nde se encuentran las viviendas, negocios, escuelas y otros usos de la tierra en su comunidad<\/li><li>El n\u00famero y la calidad de los parques disponibles para usted<\/li><li>C\u00f3mo se mejora el sistema de transporte para satisfacer las necesidades de su comunidad<\/li><li>Los riesgos para usted y su propiedad de los peligros<\/li><li>C\u00f3mo se conservan los recursos culturales y naturales que te rodean<\/li><\/ul><p>Te animamos a que te involucres para que el Plan General incluya tus ideas y visi\u00f3n para el futuro de Soledad.<\/p><\/div>\n\t\t\t\t<\/div>\n\t\t\t\t\t\t\t<div class=\"elementor-accordion-item\">\n\t\t\t\t\t<div id=\"elementor-tab-title-1834\" class=\"elementor-tab-title\" data-tab=\"4\" role=\"button\" aria-controls=\"elementor-tab-content-1834\" aria-expanded=\"false\">\n\t\t\t\t\t\t\t\t\t\t\t\t\t<span class=\"elementor-accordion-icon elementor-accordion-icon-left\" aria-hidden=\"true\">\n\t\t\t\t\t\t\t\t\t\t\t\t\t\t\t<span class=\"elementor-accordion-icon-closed\"><i class=\"fas fa-caret-right\"><\/i><\/span>\n\t\t\t\t\t\t\t\t<span class=\"elementor-accordion-icon-opened\"><i class=\"fas fa-caret-down\"><\/i><\/span>\n\t\t\t\t\t\t\t\t\t\t\t\t\t\t<\/span>\n\t\t\t\t\t\t\t\t\t\t\t\t<a class=\"elementor-accordion-title\" tabindex=\"0\">\u00bfC\u00f3mo puedo participar en el proceso de actualizaci\u00f3n del Plan General? <\/a>\n\t\t\t\t\t<\/div>\n\t\t\t\t\t<div id=\"elementor-tab-content-1834\" class=\"elementor-tab-content elementor-clearfix\" data-tab=\"4\" role=\"region\" aria-labelledby=\"elementor-tab-title-1834\"><p>La Actualizaci\u00f3n del Plan General es una oportunidad para que los miembros de la comunidad hablen sobre c\u00f3mo la ciudad crecer\u00e1 hasta el 2045. Habr\u00e1 muchas oportunidades para participar, incluyendo eventos comunitarios, participaci\u00f3n en l\u00ednea y reuniones p\u00fablicas. Puede suscribirse a la lista de correo para recibir informacion sobre pr\u00f3ximos eventos.<\/p><\/div>\n\t\t\t\t<\/div>\n\t\t\t\t\t\t\t<div class=\"elementor-accordion-item\">\n\t\t\t\t\t<div id=\"elementor-tab-title-1835\" class=\"elementor-tab-title\" data-tab=\"5\" role=\"button\" aria-controls=\"elementor-tab-content-1835\" aria-expanded=\"false\">\n\t\t\t\t\t\t\t\t\t\t\t\t\t<span class=\"elementor-accordion-icon elementor-accordion-icon-left\" aria-hidden=\"true\">\n\t\t\t\t\t\t\t\t\t\t\t\t\t\t\t<span class=\"elementor-accordion-icon-closed\"><i class=\"fas fa-caret-right\"><\/i><\/span>\n\t\t\t\t\t\t\t\t<span class=\"elementor-accordion-icon-opened\"><i class=\"fas fa-caret-down\"><\/i><\/span>\n\t\t\t\t\t\t\t\t\t\t\t\t\t\t<\/span>\n\t\t\t\t\t\t\t\t\t\t\t\t<a class=\"elementor-accordion-title\" tabindex=\"0\">\u00bfQu\u00e9 har\u00e1 la Ciudad con mi comentarios?<\/a>\n\t\t\t\t\t<\/div>\n\t\t\t\t\t<div id=\"elementor-tab-content-1835\" class=\"elementor-tab-content elementor-clearfix\" data-tab=\"5\" role=\"region\" aria-labelledby=\"elementor-tab-title-1835\"><p>El Plan General reflejar\u00e1 la visi\u00f3n y prioridades de la comunidad, y su voz es crucial para producir un Plan que establezca una visi\u00f3n compartida para el futuro de la Ciudad. Cuando usted participa en el proceso a trav\u00e9s de una discusi\u00f3n de taller, encuesta, actividad en l\u00ednea, o comentario en una reunion p\u00fablica, su comentario ser\u00e1 documentado y compilado como parte de un resumen de ese evento. La Ciudad revisar\u00e1 los comentarios cuando trabajen en los componentes del Plan General, y compartiremos esa informaci\u00f3n con los tomadores de decisiones, como la Comisi\u00f3n de Planificaci\u00f3n y el Ayuntamiento, para que la consideren cuando pidamos su direcci\u00f3n en puntos clave.<\/p><\/div>\n\t\t\t\t<\/div>\n\t\t\t\t\t\t\t<div class=\"elementor-accordion-item\">\n\t\t\t\t\t<div id=\"elementor-tab-title-1836\" class=\"elementor-tab-title\" data-tab=\"6\" role=\"button\" aria-controls=\"elementor-tab-content-1836\" aria-expanded=\"false\">\n\t\t\t\t\t\t\t\t\t\t\t\t\t<span class=\"elementor-accordion-icon elementor-accordion-icon-left\" aria-hidden=\"true\">\n\t\t\t\t\t\t\t\t\t\t\t\t\t\t\t<span class=\"elementor-accordion-icon-closed\"><i class=\"fas fa-caret-right\"><\/i><\/span>\n\t\t\t\t\t\t\t\t<span class=\"elementor-accordion-icon-opened\"><i class=\"fas fa-caret-down\"><\/i><\/span>\n\t\t\t\t\t\t\t\t\t\t\t\t\t\t<\/span>\n\t\t\t\t\t\t\t\t\t\t\t\t<a class=\"elementor-accordion-title\" tabindex=\"0\">\u00bfQui\u00e9n es el equipo del proyecto que est\u00e1 trabajando en el Plan General?<\/a>\n\t\t\t\t\t<\/div>\n\t\t\t\t\t<div id=\"elementor-tab-content-1836\" class=\"elementor-tab-content elementor-clearfix\" data-tab=\"6\" role=\"region\" aria-labelledby=\"elementor-tab-title-1836\">El Plan General est\u00e1 siendo dirigido por personal de la\u00a0<span style=\"text-decoration: underline;\"><a href=\"https:\/\/www.cityofsoledad.com\/departments\/community-and-economic-development\/\">Departamento de Desarrollo Econ\u00f3mico y Comunitario<\/a><\/span><u>.<\/u>\u00a0Bryan Swanson, Director de Desarrollo Comunitario y Econ\u00f3mico, puede ser contactado en\u00a0<a href=\"mailto:bswanson@cityofsoledad.com\"><span style=\"text-decoration: underline;\">bswanson@cityofsoledad.com<\/span><\/a>\u00a0o al (831) 223-5179. Ariana Mora-Jacobo, Asistente de Planificaci\u00f3n, puede ser contactada en <a href=\"mailto:amorajacobo@cityofsoledad.com\"><span style=\"text-decoration: underline;\">amorajacobo@cityofsoledad.com<\/span><\/a> o al (831) 223-5020. La Ciudad tambi\u00e9n seleccion\u00f3 un equipo de consultores multidisciplinarios que est\u00e1 dirigido por\u00a0<span style=\"text-decoration: underline;\"><a href=\"http:\/\/placeworks.com\/\">PlaceWorks<\/a><\/span>, y con el apoyo de\u00a0 <span style=\"text-decoration: underline;\"><a href=\"https:\/\/bae1.com\/about\">BAE Urban Economics<\/a><\/span> y <span style=\"text-decoration: underline;\"><a href=\"https:\/\/www.kimley-horn.com\/\">Kimley-Horn<\/a><\/span>.<\/div>\n\t\t\t\t<\/div>\n\t\t\t\t\t\t\t<div class=\"elementor-accordion-item\">\n\t\t\t\t\t<div id=\"elementor-tab-title-1837\" class=\"elementor-tab-title\" data-tab=\"7\" role=\"button\" aria-controls=\"elementor-tab-content-1837\" aria-expanded=\"false\">\n\t\t\t\t\t\t\t\t\t\t\t\t\t<span class=\"elementor-accordion-icon elementor-accordion-icon-left\" aria-hidden=\"true\">\n\t\t\t\t\t\t\t\t\t\t\t\t\t\t\t<span class=\"elementor-accordion-icon-closed\"><i class=\"fas fa-caret-right\"><\/i><\/span>\n\t\t\t\t\t\t\t\t<span class=\"elementor-accordion-icon-opened\"><i class=\"fas fa-caret-down\"><\/i><\/span>\n\t\t\t\t\t\t\t\t\t\t\t\t\t\t<\/span>\n\t\t\t\t\t\t\t\t\t\t\t\t<a class=\"elementor-accordion-title\" tabindex=\"0\">\u00bfCu\u00e1nto tiempo tardar\u00e1 la actualizaci\u00f3n del Plan General?<\/a>\n\t\t\t\t\t<\/div>\n\t\t\t\t\t<div id=\"elementor-tab-content-1837\" class=\"elementor-tab-content elementor-clearfix\" data-tab=\"7\" role=\"region\" aria-labelledby=\"elementor-tab-title-1837\"><p>El proceso del Plan General ser\u00e1 continuo y tardar\u00e1 aproximadamente dos a\u00f1os y medio en completarse. Se espera que el Plan General se adopte en 2025. Vea el calendario en la pagina de <a href=\"https:\/\/www.soledadgeneralplan2045.com\/es\/project-components-and-schedule\/\"><span style=\"text-decoration: underline;\">Componentes de Proyectos y Calendario<\/span><\/a> .<\/p><p>\u00a0<\/p><p>\u00a0<\/p><\/div>\n\t\t\t\t<\/div>\n\t\t\t\t\t\t\t\t<\/div>\n\t\t\t\t\t\t<\/div>\n\t\t\t\t<\/div>\n\t\t\t\t\t<\/div>\n\t\t<\/div>\n\t\t\t\t\t<\/div>\n\t\t<\/section>\n\t\t\t\t<\/div>","protected":false},"excerpt":{"rendered":"<p>Frequently Asked Questions What is a General Plan? The General Plan is the document that provides the foundation for Soledad\u2019s growth and development. A General Plan is often described as [&hellip;]<\/p>","protected":false},"author":3,"featured_media":0,"parent":0,"menu_order":0,"comment_status":"closed","ping_status":"closed","template":"elementor_header_footer","meta":{"_EventAllDay":false,"_EventTimezone":"","_EventStartDate":"","_EventEndDate":"","_EventStartDateUTC":"","_EventEndDateUTC":"","_EventShowMap":false,"_EventShowMapLink":false,"_EventURL":"","_EventCost":"","_EventCostDescription":"","_EventCurrencySymbol":"","_EventCurrencyCode":"","_EventCurrencyPosition":"","_EventDateTimeSeparator":"","_EventTimeRangeSeparator":"","_EventOrganizerID":[],"_EventVenueID":[],"_OrganizerEmail":"","_OrganizerPhone":"","_OrganizerWebsite":"","_VenueAddress":"","_VenueCity":"","_VenueCountry":"","_VenueProvince":"","_VenueState":"","_VenueZip":"","_VenuePhone":"","_VenueURL":"","_VenueStateProvince":"","_VenueLat":"","_VenueLng":"","_VenueShowMap":false,"_VenueShowMapLink":false,"_mc_calendar":[],"footnotes":""},"class_list":["post-18764","page","type-page","status-publish","hentry"],"aioseo_notices":[],"_links":{"self":[{"href":"https:\/\/www.soledadgeneralplan2045.com\/es\/wp-json\/wp\/v2\/pages\/18764","targetHints":{"allow":["GET"]}}],"collection":[{"href":"https:\/\/www.soledadgeneralplan2045.com\/es\/wp-json\/wp\/v2\/pages"}],"about":[{"href":"https:\/\/www.soledadgeneralplan2045.com\/es\/wp-json\/wp\/v2\/types\/page"}],"author":[{"embeddable":true,"href":"https:\/\/www.soledadgeneralplan2045.com\/es\/wp-json\/wp\/v2\/users\/3"}],"replies":[{"embeddable":true,"href":"https:\/\/www.soledadgeneralplan2045.com\/es\/wp-json\/wp\/v2\/comments?post=18764"}],"version-history":[{"count":58,"href":"https:\/\/www.soledadgeneralplan2045.com\/es\/wp-json\/wp\/v2\/pages\/18764\/revisions"}],"predecessor-version":[{"id":19881,"href":"https:\/\/www.soledadgeneralplan2045.com\/es\/wp-json\/wp\/v2\/pages\/18764\/revisions\/19881"}],"wp:attachment":[{"href":"https:\/\/www.soledadgeneralplan2045.com\/es\/wp-json\/wp\/v2\/media?parent=18764"}],"curies":[{"name":"wp","href":"https:\/\/api.w.org\/{rel}","templated":true}]}}