{"id":18788,"date":"2023-04-17T12:31:32","date_gmt":"2023-04-17T19:31:32","guid":{"rendered":"https:\/\/www.soledadgeneralplan2045.com\/?page_id=18788"},"modified":"2025-06-04T10:37:49","modified_gmt":"2025-06-04T17:37:49","slug":"general-plan-advisory-committee-gpac","status":"publish","type":"page","link":"https:\/\/www.soledadgeneralplan2045.com\/es\/general-plan-advisory-committee-gpac\/","title":{"rendered":"Comit\u00e9 Asesor del Plan General (GPAC)"},"content":{"rendered":"<div data-elementor-type=\"wp-page\" data-elementor-id=\"18788\" class=\"elementor elementor-18788\">\n\t\t\t\t\t\t<section class=\"elementor-section elementor-top-section elementor-element elementor-element-165d421d elementor-section-height-min-height elementor-section-boxed elementor-section-height-default elementor-section-items-middle\" data-id=\"165d421d\" data-element_type=\"section\" data-e-type=\"section\" data-settings=\"{&quot;background_background&quot;:&quot;classic&quot;}\">\n\t\t\t\t\t\t\t<div class=\"elementor-background-overlay\"><\/div>\n\t\t\t\t\t\t\t<div class=\"elementor-container elementor-column-gap-extended\">\n\t\t\t\t\t<div class=\"elementor-column elementor-col-100 elementor-top-column elementor-element elementor-element-7b518103\" data-id=\"7b518103\" data-element_type=\"column\" data-e-type=\"column\">\n\t\t\t<div class=\"elementor-widget-wrap elementor-element-populated\">\n\t\t\t\t\t\t<div class=\"elementor-element elementor-element-775cc5f5 elementor-widget elementor-widget-heading\" data-id=\"775cc5f5\" data-element_type=\"widget\" data-e-type=\"widget\" data-widget_type=\"heading.default\">\n\t\t\t\t<div class=\"elementor-widget-container\">\n\t\t\t\t\t<h2 class=\"elementor-heading-title elementor-size-default\">Comit\u00e9 del Plan General<\/h2>\t\t\t\t<\/div>\n\t\t\t\t<\/div>\n\t\t\t\t\t<\/div>\n\t\t<\/div>\n\t\t\t\t\t<\/div>\n\t\t<\/section>\n\t\t\t\t<section class=\"elementor-section elementor-top-section elementor-element elementor-element-da9ba2f elementor-section-full_width elementor-section-height-default elementor-section-height-default\" data-id=\"da9ba2f\" data-element_type=\"section\" data-e-type=\"section\">\n\t\t\t\t\t\t<div class=\"elementor-container elementor-column-gap-no\">\n\t\t\t\t\t<div class=\"elementor-column elementor-col-100 elementor-top-column elementor-element elementor-element-003e549\" data-id=\"003e549\" data-element_type=\"column\" data-e-type=\"column\">\n\t\t\t<div class=\"elementor-widget-wrap elementor-element-populated\">\n\t\t\t\t\t\t<div class=\"elementor-element elementor-element-19a600a elementor-widget elementor-widget-nav-menu\" data-id=\"19a600a\" data-element_type=\"widget\" data-e-type=\"widget\" data-widget_type=\"nav-menu.default\">\n\t\t\t\t<div class=\"elementor-widget-container\">\n\t\t\t\t\t \t\t\t\t<\/div>\n\t\t\t\t<\/div>\n\t\t\t\t\t<\/div>\n\t\t<\/div>\n\t\t\t\t\t<\/div>\n\t\t<\/section>\n\t\t\t\t<section class=\"elementor-section elementor-top-section elementor-element elementor-element-7008c93 elementor-section-boxed elementor-section-height-default elementor-section-height-default\" data-id=\"7008c93\" data-element_type=\"section\" data-e-type=\"section\">\n\t\t\t\t\t\t<div class=\"elementor-container elementor-column-gap-extended\">\n\t\t\t\t\t<div class=\"elementor-column elementor-col-100 elementor-top-column elementor-element elementor-element-c125f71\" data-id=\"c125f71\" data-element_type=\"column\" data-e-type=\"column\">\n\t\t\t<div class=\"elementor-widget-wrap elementor-element-populated\">\n\t\t\t\t\t\t<div class=\"elementor-element elementor-element-868b62c elementor-widget elementor-widget-text-editor\" data-id=\"868b62c\" data-element_type=\"widget\" data-e-type=\"widget\" data-widget_type=\"text-editor.default\">\n\t\t\t\t<div class=\"elementor-widget-container\">\n\t\t\t\t\t\t\t\t\t<p>The General Plan Steering Committee will review and provide feedback throughout the update process, serve as liaisons to the broader community, and advise the project team on effective outreach and engagement.\u00a0If you have any questions about the General Plan Steering Committee, please reach out to <a href=\"mailto:generalplaninfo@cityofsoledad.com\"><span style=\"text-decoration: underline;\">generalplaninfo@cityofsoledad.com<\/span><\/a>.<\/p>\t\t\t\t\t\t\t\t<\/div>\n\t\t\t\t<\/div>\n\t\t\t\t<div class=\"elementor-element elementor-element-108ad30 elementor-widget elementor-widget-spacer\" data-id=\"108ad30\" data-element_type=\"widget\" data-e-type=\"widget\" data-widget_type=\"spacer.default\">\n\t\t\t\t<div class=\"elementor-widget-container\">\n\t\t\t\t\t\t\t<div class=\"elementor-spacer\">\n\t\t\t<div class=\"elementor-spacer-inner\"><\/div>\n\t\t<\/div>\n\t\t\t\t\t\t<\/div>\n\t\t\t\t<\/div>\n\t\t\t\t<div class=\"elementor-element elementor-element-def1d2c elementor-widget elementor-widget-heading\" data-id=\"def1d2c\" data-element_type=\"widget\" data-e-type=\"widget\" data-widget_type=\"heading.default\">\n\t\t\t\t<div class=\"elementor-widget-container\">\n\t\t\t\t\t<h2 class=\"elementor-heading-title elementor-size-default\">Pr\u00f3ximos Eventos<\/h2>\t\t\t\t<\/div>\n\t\t\t\t<\/div>\n\t\t\t\t<div class=\"elementor-element elementor-element-b9f9204 elementor-widget elementor-widget-spacer\" data-id=\"b9f9204\" data-element_type=\"widget\" data-e-type=\"widget\" data-widget_type=\"spacer.default\">\n\t\t\t\t<div class=\"elementor-widget-container\">\n\t\t\t\t\t\t\t<div class=\"elementor-spacer\">\n\t\t\t<div class=\"elementor-spacer-inner\"><\/div>\n\t\t<\/div>\n\t\t\t\t\t\t<\/div>\n\t\t\t\t<\/div>\n\t\t\t\t<div class=\"elementor-element elementor-element-a251f2c elementor-widget elementor-widget-shortcode\" data-id=\"a251f2c\" data-element_type=\"widget\" data-e-type=\"widget\" data-widget_type=\"shortcode.default\">\n\t\t\t\t<div class=\"elementor-widget-container\">\n\t\t\t\t\t\t\t<div class=\"elementor-shortcode\"><div class='mc-event-list-container'><ul id='upcoming-events-29cbb69cf528aa67d647e42917e6a8a7' class='mc-event-list no-events-fallback upcoming-events list-events'><li class=\"\">No hay eventos en este momento.<\/li><\/ul><\/div><\/div>\n\t\t\t\t\t\t<\/div>\n\t\t\t\t<\/div>\n\t\t\t\t<div class=\"elementor-element elementor-element-bb8a6c3 elementor-widget elementor-widget-spacer\" data-id=\"bb8a6c3\" data-element_type=\"widget\" data-e-type=\"widget\" data-widget_type=\"spacer.default\">\n\t\t\t\t<div class=\"elementor-widget-container\">\n\t\t\t\t\t\t\t<div class=\"elementor-spacer\">\n\t\t\t<div class=\"elementor-spacer-inner\"><\/div>\n\t\t<\/div>\n\t\t\t\t\t\t<\/div>\n\t\t\t\t<\/div>\n\t\t\t\t<div class=\"elementor-element elementor-element-989375f elementor-widget elementor-widget-heading\" data-id=\"989375f\" data-element_type=\"widget\" data-e-type=\"widget\" data-widget_type=\"heading.default\">\n\t\t\t\t<div class=\"elementor-widget-container\">\n\t\t\t\t\t<h2 class=\"elementor-heading-title elementor-size-default\">Eventos Pasados<\/h2>\t\t\t\t<\/div>\n\t\t\t\t<\/div>\n\t\t\t\t<div class=\"elementor-element elementor-element-443c4a5 elementor-widget elementor-widget-spacer\" data-id=\"443c4a5\" data-element_type=\"widget\" data-e-type=\"widget\" data-widget_type=\"spacer.default\">\n\t\t\t\t<div class=\"elementor-widget-container\">\n\t\t\t\t\t\t\t<div class=\"elementor-spacer\">\n\t\t\t<div class=\"elementor-spacer-inner\"><\/div>\n\t\t<\/div>\n\t\t\t\t\t\t<\/div>\n\t\t\t\t<\/div>\n\t\t\t\t<div class=\"elementor-element elementor-element-f402b67 elementor-widget elementor-widget-shortcode\" data-id=\"f402b67\" data-element_type=\"widget\" data-e-type=\"widget\" data-widget_type=\"shortcode.default\">\n\t\t\t\t<div class=\"elementor-widget-container\">\n\t\t\t\t\t\t\t<div class=\"elementor-shortcode\"><div class='mc-event-list-container'><ul id='upcoming-events-b9a986d1dbf78fb71edfe5294353d309' class='mc-event-list upcoming-events list-events'>\n<li class=\"mc-mc_upcoming_29 upcoming-event mc_gpac mc_city-council-chambers past-event mc_primary_gpac nonrecurring mc-2-hours mc-start-19-00 ungrouped mc-event-26 mc-events mc_rel_gpac\"><a style=\"font-size:20pt;font-weight:700;color:#002866\">Reuni\u00f3n del Comit\u00e9 del Plan General - Mapas de circulaci\u00f3n y uso del suelo<\/a><br>\r\n<span style=\"font-weight:600;color:#082c45\">February 11, 2025, 6:00 pm\u20138:00 pm<\/span><br>\r\n<span style=\"font-weight:700;color:#082c45\">City Council Chambers<\/span><br>\r\n<span style=\"font-weight:600;color:#082c45\">248 Main Street, Soledad<\/span><br>\r\n<span style=\"color:#222222\"><p>El Comit\u00e9 del Plan General se reuni\u00f3 para revisar el borrador de los mapas de uso del suelo y circulaci\u00f3n y compartir opiniones al respecto.<\/p>\n<\/span><br>\r\n<em>Vea <span style=\"text-decoration:underline\"><a href='https:\/\/www.soledadgeneralplan2045.com\/es\/mc-events\/general-plan-steering-committee-meeting-draft-circulation-and-land-use-maps\/' class='mc-details' rel=\"nofollow\">Details about General Plan Steering Committee Meeting - Draft Circulation and Land Use Maps<\/a><\/span><\/em><\/li>\n\n<li class=\"mc-mc_upcoming_19 upcoming-event mc_gpac mc_hybrid-format-remotely-via-zoom-and-in-person-at-city-hall-council-chambers past-event mc_primary_gpac nonrecurring mc-2-hours mc-start-19-00 ungrouped mc-event-17 mc-events mc_rel_gpac\"><a style=\"font-size:20pt;font-weight:700;color:#002866\">Reuni\u00f3n #4 del Comit\u00e9 Asesor del Plan General - Visi\u00f3n y principios que nos gu\u00edan<\/a><br>\r\n<span style=\"font-weight:600;color:#082c45\">Febrero 12, 2024, 6:00 pm\u20138:00 pm<\/span><br>\r\n<span style=\"font-weight:700;color:#082c45\">Formato h\u00edbrido (de forma remota a trav\u00e9s de Zoom y en persona en el Concejo Municipal)<\/span><br>\r\n<span style=\"font-weight:600;color:#082c45\">248 Main Street, Soledad<\/span><br>\r\n<span style=\"color:#222222\"><p>El Comit\u00e9 Asesor del Plan General se reuni\u00f3 para revisar el borrador de la visi\u00f3n y los principios rectores de la actualizaci\u00f3n del Plan General. Se anim\u00f3 al p\u00fablico a asistir y dar su opini\u00f3n.<\/p>\n<p><strong>Materiales de la reuni\u00f3n<\/strong><\/p>\n<ul>\n<li><span style=\"text-decoration: underline\"><a href=\"https:\/\/www.soledadgeneralplan2045.com\/wp-content\/uploads\/2024\/02\/02.12.24-Agenda.pdf\">Agenda<\/a><\/span><\/li>\n<li><span style=\"text-decoration: underline\"><a href=\"https:\/\/www.soledadgeneralplan2045.com\/wp-content\/uploads\/2024\/02\/GPAC-Presentation_FINAL.pdf\">Presentaci\u00f3n<\/a><\/span><\/li>\n<li><span style=\"text-decoration: underline\"><a href=\"https:\/\/www.soledadgeneralplan2045.com\/wp-content\/uploads\/2024\/03\/Soledad_Vision_Statement_Draft_1-31-2024.pdf\">Draft Vision and Guiding Principles (English)<\/a><\/span><\/li>\n<li><span style=\"text-decoration: underline\"><a href=\"https:\/\/www.soledadgeneralplan2045.com\/wp-content\/uploads\/2024\/03\/Soledad_Vision_Statement_Draft_Spanish.pdf\">Draft Vision and Guiding Principles (Espa\u00f1ol)<\/a><\/span><\/li>\n<\/ul>\n<\/span><br>\r\n<em>Vea <span style=\"text-decoration:underline\"><a href='https:\/\/www.soledadgeneralplan2045.com\/es\/mc-events\/general-plan-advisory-committee-meeting-4-draft-vision-and-guiding-principles\/' class='mc-details' rel=\"nofollow\">Details about General Plan Advisory Committee Meeting #4 - Draft Vision and Guiding Principles<\/a><\/span><\/em><\/li>\n\n<li class=\"mc-mc_upcoming_14 upcoming-event mc_gpac mc_hybrid-format-remotely-via-zoom-and-in-person-at-city-hall-council-chambers past-event mc_primary_gpac nonrecurring mc-2-hours mc-start-18-00 ungrouped mc-event-13 mc-events mc_rel_gpac\"><a style=\"font-size:20pt;font-weight:700;color:#002866\">Reuni\u00f3n #3 del Comit\u00e9 Asesor del Plan General - Actualizaci\u00f3n del Plan General<\/a><br>\r\n<span style=\"font-weight:600;color:#082c45\">October 5, 2023, 6:00 pm\u20138:00 pm<\/span><br>\r\n<span style=\"font-weight:700;color:#082c45\">Formato h\u00edbrido (de forma remota a trav\u00e9s de Zoom y en persona en el Concejo Municipal)<\/span><br>\r\n<span style=\"font-weight:600;color:#082c45\">248 Main Street, Soledad<\/span><br>\r\n<span style=\"color:#222222\"><p>El Comit\u00e9 Asesor del Plan General tuvo una reuni\u00f3n para revisar las condiciones existentes en Soledad que servir\u00e1n como base para la Actualizaci\u00f3n del Plan General. Animamos a los miembros del p\u00fablico a que asistieran y aportaran sus aportaciones.<\/p>\n<p><strong>V\u00eddeo<\/strong><\/p>\n<p><iframe src=\"https:\/\/www.facebook.com\/plugins\/video.php?height=314&amp;href=https%3A%2F%2Fwww.facebook.com%2FTheCityofSoledad%2Fvideos%2F843863837443160%2F&amp;show_text=false&amp;width=560&amp;t=508\" width=\"560\" height=\"560\" frameborder=\"0\" allowfullscreen=\"allowfullscreen\"><\/iframe><\/p>\n<p><strong>Materiales de la reuni\u00f3n<\/strong><\/p>\n<ul>\n<li><span style=\"text-decoration: underline\"><a href=\"https:\/\/www.soledadgeneralplan2045.com\/wp-content\/uploads\/2023\/10\/GPAC-3-Presentation_100323.pdf\">Presentaci\u00f3n<\/a><\/span><\/li>\n<li><span style=\"text-decoration: underline\"><a href=\"https:\/\/www.soledadgeneralplan2045.com\/wp-content\/uploads\/2023\/10\/Soledad-Briefing-Book_10-3-2023.pdf\">Libro Informativo<\/a><\/span><\/li>\n<li><span style=\"text-decoration: underline\"><a href=\"https:\/\/www.soledadgeneralplan2045.com\/wp-content\/uploads\/2023\/10\/10.5.23-Agenda.pdf\">Agenda<\/a><\/span><\/li>\n<li><span style=\"text-decoration: underline\"><a href=\"https:\/\/www.soledadgeneralplan2045.com\/wp-content\/uploads\/2023\/09\/2-1-scaled.jpg\">Meeting Flyer (English)<\/a><\/span><\/li>\n<li><span style=\"text-decoration: underline\"><a href=\"https:\/\/www.soledadgeneralplan2045.com\/wp-content\/uploads\/2023\/09\/3-1-scaled.jpg\">Folleto de la reuni\u00f3n (<!--StartFragment --><span class=\"cf0\">Espa\u00f1ol<\/span><!--EndFragment -->)<\/a><\/span><\/li>\n<\/ul>\n<\/span><br>\r\n<em>Vea <span style=\"text-decoration:underline\"><a href='https:\/\/www.soledadgeneralplan2045.com\/es\/mc-events\/general-plan-advisory-committee-meeting-3-general-plan-update\/' class='mc-details' rel=\"nofollow\">Details about General Plan Advisory Committee Meeting #3 - General Plan Update<\/a><\/span><\/em><\/li>\n\n<li class=\"mc-mc_upcoming_10 upcoming-event mc_gpac mc_city-council-chambers past-event mc_primary_gpac nonrecurring mc-2-hours mc-start-18-00 ungrouped mc-event-10 mc-events mc_rel_gpac\"><a style=\"font-size:20pt;font-weight:700;color:#002866\">Reuni\u00f3n #2 del Comit\u00e9 Asesor del Plan General - Elemento de Vivienda<\/a><br>\r\n<span style=\"font-weight:600;color:#082c45\">August 21, 2023, 6:00 pm\u20138:00 pm<\/span><br>\r\n<span style=\"font-weight:700;color:#082c45\">City Council Chambers<\/span><br>\r\n<span style=\"font-weight:600;color:#082c45\">248 Main Street, Soledad<\/span><br>\r\n<span style=\"color:#222222\"><p>El Comit\u00e9 Asesor del Plan General tuvo una reuni\u00f3n para proporcionar comentarios sobre el Elemento de Vivienda 2023-2031. Animamos a los miembros del p\u00fablico a asistir y dar su opini\u00f3n.<\/p>\n<p><strong>V\u00eddeo<\/strong><\/p>\n<p><iframe src=\"https:\/\/www.facebook.com\/plugins\/video.php?height=314&amp;href=https%3A%2F%2Fwww.facebook.com%2FTheCityofSoledad%2Fvideos%2F685498982933797%2F&amp;show_text=false&amp;width=560&amp;t=301\" width=\"560\" height=\"560\" frameborder=\"0\" allowfullscreen=\"allowfullscreen\"><\/iframe><\/p>\n<p><strong>Materiales de la reuni\u00f3n<\/strong><\/p>\n<ul>\n<li><span style=\"text-decoration: underline\"><a href=\"https:\/\/www.soledadgeneralplan2045.com\/wp-content\/uploads\/2023\/09\/Attachment-1-Item-B-1-GPAC-1-8-21-23_Final.pdf\">Presentaci\u00f3n<\/a><\/span><\/li>\n<li><span style=\"text-decoration: underline\"><a href=\"https:\/\/www.soledadgeneralplan2045.com\/wp-content\/uploads\/2023\/09\/08.21.2023GPAC.pdf\">Agenda<\/a><\/span><\/li>\n<\/ul>\n<\/span><br>\r\n<em>Vea <span style=\"text-decoration:underline\"><a href='https:\/\/www.soledadgeneralplan2045.com\/es\/mc-events\/general-plan-advisory-committee-meeting-2-housing-element\/' class='mc-details' rel=\"nofollow\">Details about General Plan Advisory Committee Meeting #2 - Housing Element<\/a><\/span><\/em><\/li>\n\n<li class=\"mc-mc_upcoming_5 upcoming-event mc_gpac mc_city-council-chambers past-event mc_primary_gpac nonrecurring mc-2-hours mc-start-18-00 ungrouped mc-event-5 mc-events mc_rel_gpac\"><a style=\"font-size:20pt;font-weight:700;color:#002866\">Reuni\u00f3n #1 del Comit\u00e9 Asesor del Plan General - Actualizaci\u00f3n del Plan General<\/a><br>\r\n<span style=\"font-weight:600;color:#082c45\">April 24, 2023, 6:00 pm\u20138:00 pm<\/span><br>\r\n<span style=\"font-weight:700;color:#082c45\">City Council Chambers<\/span><br>\r\n<span style=\"font-weight:600;color:#082c45\">248 Main Street, Soledad<\/span><br>\r\n<span style=\"color:#222222\"><p>El Comit\u00e9 Asesor del Plan General tuvo su primera reuni\u00f3n para aprender sobre el Proceso de Actualizaci\u00f3n del Plan General de la Ciudad y recibieron una descripci\u00f3n general del proyecto y el calendario. Animamos a los miembros del p\u00fablico a asistir y proporcionar comentarios.<\/p>\n<p><strong>V\u00eddeo<\/strong><\/p>\n<p><iframe src=\"https:\/\/www.facebook.com\/plugins\/video.php?height=314&amp;href=https%3A%2F%2Fwww.facebook.com%2FTheCityofSoledad%2Fvideos%2F788463239464791%2F&amp;show_text=false&amp;width=560&amp;t=80\" width=\"560\" height=\"560\" frameborder=\"0\" allowfullscreen=\"allowfullscreen\"><\/iframe><\/p>\n<p><strong>Materiales de la reuni\u00f3n<\/strong><\/p>\n<ul>\n<li><span style=\"text-decoration: underline\"><a href=\"https:\/\/www.soledadgeneralplan2045.com\/wp-content\/uploads\/2023\/05\/GPAC-1-4-24-23_Final_Monday-version_2.pdf\">Presentaci\u00f3n (Ingl\u00e9s)<\/a><\/span><\/li>\n<li><span style=\"text-decoration: underline\"><a href=\"https:\/\/www.soledadgeneralplan2045.com\/wp-content\/uploads\/2023\/05\/GPAC-1-4-24-23_Final-SPANISH-.pdf\">Presentaci\u00f3n (<!--StartFragment --><span class=\"cf0\">Espa\u00f1ol<\/span><!--EndFragment -->)<\/a><\/span><\/li>\n<li><span style=\"text-decoration: underline\"><a href=\"https:\/\/www.soledadgeneralplan2045.com\/wp-content\/uploads\/2023\/05\/GPAC_ground-rules_English-and-Spanish.pdf\">Reglas b\u00e1sicas (Ingl\u00e9s y <!--StartFragment --><span class=\"cf0\">Espa\u00f1ol<\/span><!--EndFragment -->)<\/a><\/span><\/li>\n<li><span style=\"text-decoration: underline\"><a href=\"https:\/\/www.soledadgeneralplan2045.com\/wp-content\/uploads\/2023\/05\/Agenda_English-and-Spanish.pdf\">Agenda (English &amp; <!--StartFragment --><span class=\"cf0\">Espa\u00f1ol<\/span><!--EndFragment -->)<\/a><\/span><\/li>\n<\/ul>\n<\/span><br>\r\n<em>Vea <span style=\"text-decoration:underline\"><a href='https:\/\/www.soledadgeneralplan2045.com\/es\/mc-events\/general-plan-advisory-committee-meeting-1-general-plan-update\/' class='mc-details' rel=\"nofollow\">Details about General Plan Advisory Committee Meeting #1 - General Plan Update<\/a><\/span><\/em><\/li>\n<\/ul><\/div><\/div>\n\t\t\t\t\t\t<\/div>\n\t\t\t\t<\/div>\n\t\t\t\t\t<\/div>\n\t\t<\/div>\n\t\t\t\t\t<\/div>\n\t\t<\/section>\n\t\t\t\t<\/div>","protected":false},"excerpt":{"rendered":"<p>General Plan Steering Committee The General Plan Steering Committee will review and provide feedback throughout the update process, serve as liaisons to the broader community, and advise the project team [&hellip;]<\/p>","protected":false},"author":3,"featured_media":0,"parent":0,"menu_order":0,"comment_status":"closed","ping_status":"closed","template":"elementor_header_footer","meta":{"_EventAllDay":false,"_EventTimezone":"","_EventStartDate":"","_EventEndDate":"","_EventStartDateUTC":"","_EventEndDateUTC":"","_EventShowMap":false,"_EventShowMapLink":false,"_EventURL":"","_EventCost":"","_EventCostDescription":"","_EventCurrencySymbol":"","_EventCurrencyCode":"","_EventCurrencyPosition":"","_EventDateTimeSeparator":"","_EventTimeRangeSeparator":"","_EventOrganizerID":[],"_EventVenueID":[],"_OrganizerEmail":"","_OrganizerPhone":"","_OrganizerWebsite":"","_VenueAddress":"","_VenueCity":"","_VenueCountry":"","_VenueProvince":"","_VenueState":"","_VenueZip":"","_VenuePhone":"","_VenueURL":"","_VenueStateProvince":"","_VenueLat":"","_VenueLng":"","_VenueShowMap":false,"_VenueShowMapLink":false,"_mc_calendar":[],"footnotes":""},"class_list":["post-18788","page","type-page","status-publish","hentry"],"aioseo_notices":[],"_links":{"self":[{"href":"https:\/\/www.soledadgeneralplan2045.com\/es\/wp-json\/wp\/v2\/pages\/18788","targetHints":{"allow":["GET"]}}],"collection":[{"href":"https:\/\/www.soledadgeneralplan2045.com\/es\/wp-json\/wp\/v2\/pages"}],"about":[{"href":"https:\/\/www.soledadgeneralplan2045.com\/es\/wp-json\/wp\/v2\/types\/page"}],"author":[{"embeddable":true,"href":"https:\/\/www.soledadgeneralplan2045.com\/es\/wp-json\/wp\/v2\/users\/3"}],"replies":[{"embeddable":true,"href":"https:\/\/www.soledadgeneralplan2045.com\/es\/wp-json\/wp\/v2\/comments?post=18788"}],"version-history":[{"count":79,"href":"https:\/\/www.soledadgeneralplan2045.com\/es\/wp-json\/wp\/v2\/pages\/18788\/revisions"}],"predecessor-version":[{"id":20576,"href":"https:\/\/www.soledadgeneralplan2045.com\/es\/wp-json\/wp\/v2\/pages\/18788\/revisions\/20576"}],"wp:attachment":[{"href":"https:\/\/www.soledadgeneralplan2045.com\/es\/wp-json\/wp\/v2\/media?parent=18788"}],"curies":[{"name":"wp","href":"https:\/\/api.w.org\/{rel}","templated":true}]}}