{"id":18793,"date":"2023-04-17T12:33:40","date_gmt":"2023-04-17T19:33:40","guid":{"rendered":"https:\/\/www.soledadgeneralplan2045.com\/?page_id=18793"},"modified":"2023-05-03T15:03:22","modified_gmt":"2023-05-03T22:03:22","slug":"city-council-and-planning-commission","status":"publish","type":"page","link":"https:\/\/www.soledadgeneralplan2045.com\/es\/city-council-and-planning-commission\/","title":{"rendered":"Ayuntamiento y Comisi\u00f3n de Planificaci\u00f3n"},"content":{"rendered":"<div data-elementor-type=\"wp-page\" data-elementor-id=\"18793\" class=\"elementor elementor-18793\">\n\t\t\t\t\t\t<section class=\"elementor-section elementor-top-section elementor-element elementor-element-165d421d elementor-section-height-min-height elementor-section-boxed elementor-section-height-default elementor-section-items-middle\" data-id=\"165d421d\" data-element_type=\"section\" data-e-type=\"section\" data-settings=\"{&quot;background_background&quot;:&quot;classic&quot;}\">\n\t\t\t\t\t\t\t<div class=\"elementor-background-overlay\"><\/div>\n\t\t\t\t\t\t\t<div class=\"elementor-container elementor-column-gap-extended\">\n\t\t\t\t\t<div class=\"elementor-column elementor-col-100 elementor-top-column elementor-element elementor-element-7b518103\" data-id=\"7b518103\" data-element_type=\"column\" data-e-type=\"column\">\n\t\t\t<div class=\"elementor-widget-wrap elementor-element-populated\">\n\t\t\t\t\t\t<div class=\"elementor-element elementor-element-775cc5f5 elementor-widget elementor-widget-heading\" data-id=\"775cc5f5\" data-element_type=\"widget\" data-e-type=\"widget\" data-widget_type=\"heading.default\">\n\t\t\t\t<div class=\"elementor-widget-container\">\n\t\t\t\t\t<h2 class=\"elementor-heading-title elementor-size-default\">Ayuntamiento y Comisi\u00f3n de Planificaci\u00f3n<\/h2>\t\t\t\t<\/div>\n\t\t\t\t<\/div>\n\t\t\t\t\t<\/div>\n\t\t<\/div>\n\t\t\t\t\t<\/div>\n\t\t<\/section>\n\t\t\t\t<section class=\"elementor-section elementor-top-section elementor-element elementor-element-5b48cda elementor-section-full_width elementor-section-height-default elementor-section-height-default\" data-id=\"5b48cda\" data-element_type=\"section\" data-e-type=\"section\">\n\t\t\t\t\t\t<div class=\"elementor-container elementor-column-gap-no\">\n\t\t\t\t\t<div class=\"elementor-column elementor-col-100 elementor-top-column elementor-element elementor-element-4af1914\" data-id=\"4af1914\" data-element_type=\"column\" data-e-type=\"column\">\n\t\t\t<div class=\"elementor-widget-wrap elementor-element-populated\">\n\t\t\t\t\t\t<div class=\"elementor-element elementor-element-82358fd elementor-widget elementor-widget-nav-menu\" data-id=\"82358fd\" data-element_type=\"widget\" data-e-type=\"widget\" data-widget_type=\"nav-menu.default\">\n\t\t\t\t<div class=\"elementor-widget-container\">\n\t\t\t\t\t \t\t\t\t<\/div>\n\t\t\t\t<\/div>\n\t\t\t\t\t<\/div>\n\t\t<\/div>\n\t\t\t\t\t<\/div>\n\t\t<\/section>\n\t\t\t\t<section class=\"elementor-section elementor-top-section elementor-element elementor-element-7a4e5a0 elementor-section-boxed elementor-section-height-default elementor-section-height-default\" data-id=\"7a4e5a0\" data-element_type=\"section\" data-e-type=\"section\">\n\t\t\t\t\t\t<div class=\"elementor-container elementor-column-gap-extended\">\n\t\t\t\t\t<div class=\"elementor-column elementor-col-100 elementor-top-column elementor-element elementor-element-900e00b\" data-id=\"900e00b\" data-element_type=\"column\" data-e-type=\"column\">\n\t\t\t<div class=\"elementor-widget-wrap elementor-element-populated\">\n\t\t\t\t\t\t<div class=\"elementor-element elementor-element-230755f elementor-widget elementor-widget-text-editor\" data-id=\"230755f\" data-element_type=\"widget\" data-e-type=\"widget\" data-widget_type=\"text-editor.default\">\n\t\t\t\t<div class=\"elementor-widget-container\">\n\t\t\t\t\t\t\t\t\t<p>Durante el proyecto de Actualizaci\u00f3n del Plan General, el Ayuntamiento y la Comisi\u00f3n de Planificaci\u00f3n recibir\u00e1n informaci\u00f3n en puntos clave y se les pedir\u00e1 direcci\u00f3n o aprobaci\u00f3n. Se anima al p\u00fablico a asistir estas reuniones. Las reuniones se pueden asistir en persona o en Zoom.<\/p>\t\t\t\t\t\t\t\t<\/div>\n\t\t\t\t<\/div>\n\t\t\t\t<div class=\"elementor-element elementor-element-43b06a7 elementor-widget elementor-widget-spacer\" data-id=\"43b06a7\" data-element_type=\"widget\" data-e-type=\"widget\" data-widget_type=\"spacer.default\">\n\t\t\t\t<div class=\"elementor-widget-container\">\n\t\t\t\t\t\t\t<div class=\"elementor-spacer\">\n\t\t\t<div class=\"elementor-spacer-inner\"><\/div>\n\t\t<\/div>\n\t\t\t\t\t\t<\/div>\n\t\t\t\t<\/div>\n\t\t\t\t<div class=\"elementor-element elementor-element-b4ef4d5 elementor-widget elementor-widget-heading\" data-id=\"b4ef4d5\" data-element_type=\"widget\" data-e-type=\"widget\" data-widget_type=\"heading.default\">\n\t\t\t\t<div class=\"elementor-widget-container\">\n\t\t\t\t\t<h2 class=\"elementor-heading-title elementor-size-default\">Pr\u00f3ximos Eventos<\/h2>\t\t\t\t<\/div>\n\t\t\t\t<\/div>\n\t\t\t\t<div class=\"elementor-element elementor-element-08d9da9 elementor-widget elementor-widget-spacer\" data-id=\"08d9da9\" data-element_type=\"widget\" data-e-type=\"widget\" data-widget_type=\"spacer.default\">\n\t\t\t\t<div class=\"elementor-widget-container\">\n\t\t\t\t\t\t\t<div class=\"elementor-spacer\">\n\t\t\t<div class=\"elementor-spacer-inner\"><\/div>\n\t\t<\/div>\n\t\t\t\t\t\t<\/div>\n\t\t\t\t<\/div>\n\t\t\t\t<div class=\"elementor-element elementor-element-d4eaf77 elementor-widget elementor-widget-shortcode\" data-id=\"d4eaf77\" data-element_type=\"widget\" data-e-type=\"widget\" data-widget_type=\"shortcode.default\">\n\t\t\t\t<div class=\"elementor-widget-container\">\n\t\t\t\t\t\t\t<div class=\"elementor-shortcode\"><div class='mc-event-list-container'><ul id='upcoming-events-be71f67704a5853daf6033b8ac0fec03' class='mc-event-list no-events-fallback upcoming-events list-events'><li class=\"\">No hay eventos en este momento.<\/li><\/ul><\/div><\/div>\n\t\t\t\t\t\t<\/div>\n\t\t\t\t<\/div>\n\t\t\t\t<div class=\"elementor-element elementor-element-ee5225d elementor-widget elementor-widget-spacer\" data-id=\"ee5225d\" data-element_type=\"widget\" data-e-type=\"widget\" data-widget_type=\"spacer.default\">\n\t\t\t\t<div class=\"elementor-widget-container\">\n\t\t\t\t\t\t\t<div class=\"elementor-spacer\">\n\t\t\t<div class=\"elementor-spacer-inner\"><\/div>\n\t\t<\/div>\n\t\t\t\t\t\t<\/div>\n\t\t\t\t<\/div>\n\t\t\t\t<div class=\"elementor-element elementor-element-6d57a2a elementor-widget elementor-widget-heading\" data-id=\"6d57a2a\" data-element_type=\"widget\" data-e-type=\"widget\" data-widget_type=\"heading.default\">\n\t\t\t\t<div class=\"elementor-widget-container\">\n\t\t\t\t\t<h2 class=\"elementor-heading-title elementor-size-default\">Eventos Pasados<\/h2>\t\t\t\t<\/div>\n\t\t\t\t<\/div>\n\t\t\t\t<div class=\"elementor-element elementor-element-d704672 elementor-widget elementor-widget-spacer\" data-id=\"d704672\" data-element_type=\"widget\" data-e-type=\"widget\" data-widget_type=\"spacer.default\">\n\t\t\t\t<div class=\"elementor-widget-container\">\n\t\t\t\t\t\t\t<div class=\"elementor-spacer\">\n\t\t\t<div class=\"elementor-spacer-inner\"><\/div>\n\t\t<\/div>\n\t\t\t\t\t\t<\/div>\n\t\t\t\t<\/div>\n\t\t\t\t<div class=\"elementor-element elementor-element-14a4626 elementor-widget elementor-widget-shortcode\" data-id=\"14a4626\" data-element_type=\"widget\" data-e-type=\"widget\" data-widget_type=\"shortcode.default\">\n\t\t\t\t<div class=\"elementor-widget-container\">\n\t\t\t\t\t\t\t<div class=\"elementor-shortcode\"><div class='mc-event-list-container'><ul id='upcoming-events-b616688787905957f30bf320bb59aace' class='mc-event-list upcoming-events list-events'>\n<li class=\"mc-mc_upcoming_30 upcoming-event mc_city-council-planning-commission mc_city-council-chambers past-event mc_primary_city-council-planning-commission nonrecurring mc mc-start-18-00 ungrouped mc-event-25 mc-events mc_rel_city-council-planning-commission\"><a style=\"font-size:20pt;font-weight:700;color:#002866\">Reuni\u00f3n del Consejo Municipal - Mapas de circulaci\u00f3n y uso del suelo<\/a><br>\r\n<span style=\"font-weight:600;color:#082c45\">July 2, 2025, 6:00 pm\u2013<\/span><br>\r\n<span style=\"font-weight:700;color:#082c45\">City Council Chambers<\/span><br>\r\n<span style=\"font-weight:600;color:#082c45\">248 Main Street, Soledad<\/span><br>\r\n<span style=\"color:#222222\"><p>En esta reuni\u00f3n, el Ayuntamiento revisar\u00e1 el borrador de los mapas de circulaci\u00f3n y usos del suelo del Plan General Siempre Soledad 2045.<\/p>\n<p><strong>Materiales de la reuni\u00f3n<\/strong><\/p>\n<ul>\n<li><span style=\"text-decoration: underline\"><a href=\"https:\/\/granicus_production_attachments.s3.amazonaws.com\/cityofsoledad\/8b5a7a1c45e3bc9cf0d3491a7e5ef06d0.pdf\">Agenda<\/a><\/span><\/li>\n<li><span style=\"text-decoration: underline\"><a href=\"https:\/\/d3n9y02raazwpg.cloudfront.net\/cityofsoledad\/191e84ab-d41c-11ef-a9e2-005056a89546-72cc7141-9f98-4f9a-b2f7-b4a68a20f1c2-1751382299.pdf\">Agenda Packet <\/a><\/span><\/li>\n<\/ul>\n<\/span><br>\r\n<em>Vea <span style=\"text-decoration:underline\"><a href='https:\/\/www.soledadgeneralplan2045.com\/es\/mc-events\/city-council-meeting-draft-circulation-and-land-use-maps\/' class='mc-details' rel=\"nofollow\">Details about City Council Meeting - Draft Circulation and Land Use Maps<\/a><\/span><\/em><\/li>\n\n<li class=\"mc-mc_upcoming_27 upcoming-event mc_city-council-planning-commission mc_city-council-chambers past-event mc_primary_city-council-planning-commission nonrecurring mc mc-start-18-00 ungrouped mc-event-24 mc-events mc_rel_city-council-planning-commission\"><a style=\"font-size:20pt;font-weight:700;color:#002866\">Reuni\u00f3n de la Comisi\u00f3n de Planificaci\u00f3n - Mapas de circulaci\u00f3n y uso del suelo<\/a><br>\r\n<span style=\"font-weight:600;color:#082c45\">June 12, 2025, 6:00 pm\u2013<\/span><br>\r\n<span style=\"font-weight:700;color:#082c45\">City Council Chambers<\/span><br>\r\n<span style=\"font-weight:600;color:#082c45\">248 Main Street, Soledad<\/span><br>\r\n<span style=\"color:#222222\"><p>En esta reuni\u00f3n, la Comisi\u00f3n de Planificaci\u00f3n revisar\u00e1 el proyecto de mapas de circulaci\u00f3n y uso del suelo para el Plan General Siempre Soledad 2045.<\/p>\n<p><strong>Materiales de la reuni\u00f3n<\/strong><\/p>\n<ul>\n<li><span style=\"text-decoration: underline\"><a href=\"https:\/\/www.soledadgeneralplan2045.com\/wp-content\/uploads\/2025\/06\/Revised-Soledad-GP-2045-Draft-Land-Use-Map.pdf\">Mapa de uso del suelo<\/a><\/span><\/li>\n<li><span style=\"text-decoration: underline\"><a href=\"https:\/\/www.soledadgeneralplan2045.com\/wp-content\/uploads\/2025\/06\/Revised-Soledad-GP-2045-Draft-Circulation-Map.pdf\">Mapa de circulaci\u00f3n<\/a><\/span><\/li>\n<li><span style=\"text-decoration: underline\"><a href=\"https:\/\/www.soledadgeneralplan2045.com\/wp-content\/uploads\/2025\/06\/Soledad-New-GP-LUs_Handout.pdf\">Nuevas designaciones de uso del suelo<\/a><\/span><\/li>\n<\/ul>\n<\/span><br>\r\n<em>Vea <span style=\"text-decoration:underline\"><a href='https:\/\/www.soledadgeneralplan2045.com\/es\/mc-events\/planning-commission-meeting-draft-circulation-and-land-use-maps\/' class='mc-details' rel=\"nofollow\">Details about Planning Commission Meeting - Draft Circulation and Land Use Maps<\/a><\/span><\/em><\/li>\n\n<li class=\"mc-mc_upcoming_24 upcoming-event mc_city-council-planning-commission mc_hybrid-format-remotely-via-zoom-and-in-person-at-city-hall-council-chambers past-event mc_primary_city-council-planning-commission nonrecurring mc mc-start-18-00 ungrouped mc-event-21 mc-events mc_rel_city-council-planning-commission\"><a style=\"font-size:20pt;font-weight:700;color:#002866\">Reuni\u00f3n del Concejo Municipal - Visi\u00f3n y principios que nos gu\u00edan<\/a><br>\r\n<span style=\"font-weight:600;color:#082c45\">1 de mayo de 2024, 6:00 pm\u2013<\/span><br>\r\n<span style=\"font-weight:700;color:#082c45\">Formato h\u00edbrido (de forma remota a trav\u00e9s de Zoom y en persona en el Concejo Municipal)<\/span><br>\r\n<span style=\"font-weight:600;color:#082c45\">248 Main Street, Soledad<\/span><br>\r\n<span style=\"color:#222222\"><p>El Concejo Municipal tuvo una reuni\u00f3n p\u00fablica para revisar la Visi\u00f3n y principios que gu\u00edan la Actualizaci\u00f3n del Plan General. Se animo a los miembros del p\u00fablico a asistir la reuni\u00f3n.<\/p>\n<p><strong>Materiales de la reuni\u00f3n<\/strong><\/p>\n<ul>\n<li><span style=\"text-decoration: underline\"><a href=\"https:\/\/www.soledadgeneralplan2045.com\/wp-content\/uploads\/2024\/04\/Meeting-Agenda.pdf\">Agenda<\/a><\/span><\/li>\n<li><span style=\"text-decoration: underline\"><a href=\"https:\/\/www.soledadgeneralplan2045.com\/wp-content\/uploads\/2024\/04\/Staff-Report.pdf\">Informe<\/a><\/span><\/li>\n<li><span style=\"text-decoration: underline\"><a href=\"https:\/\/www.soledadgeneralplan2045.com\/wp-content\/uploads\/2024\/04\/Soledad_Vision_Statement_3-26-2024.pdf\">Draft Vision and Guiding Principles (English)<\/a><\/span><\/li>\n<li><span style=\"text-decoration: underline\"><a href=\"https:\/\/www.soledadgeneralplan2045.com\/wp-content\/uploads\/2024\/04\/Soledad_Vision_Statement_3-26-2024_Spanish.pdf\">Draft Vision and Guiding Principles (Espa\u00f1ol)<\/a><\/span><\/li>\n<li><span style=\"text-decoration: underline\"><a href=\"https:\/\/www.soledadgeneralplan2045.com\/wp-content\/uploads\/2024\/04\/Key-Themes-from-Community-Input.pdf\">Temas Clave de la Comunidad<\/a><\/span><\/li>\n<\/ul>\n<\/span><br>\r\n<em>Vea <span style=\"text-decoration:underline\"><a href='https:\/\/www.soledadgeneralplan2045.com\/es\/mc-events\/city-council-meeting-draft-vision-and-guiding-principles\/' class='mc-details' rel=\"nofollow\">Details about City Council Meeting - Draft Vision and Guiding Principles<\/a><\/span><\/em><\/li>\n\n<li class=\"mc-mc_upcoming_23 upcoming-event mc_city-council-planning-commission mc_hybrid-format-remotely-via-zoom-and-in-person-at-city-hall-council-chambers past-event mc_primary_city-council-planning-commission nonrecurring mc mc-start-18-00 ungrouped mc-event-20 mc-events mc_rel_city-council-planning-commission\"><a style=\"font-size:20pt;font-weight:700;color:#002866\">Reuni\u00f3n de la Comisi\u00f3n de Planificaci\u00f3n - Visi\u00f3n y principios que nos gu\u00edan<\/a><br>\r\n<span style=\"font-weight:600;color:#082c45\">Marzo 14, 2024, 6:00 pm\u2013<\/span><br>\r\n<span style=\"font-weight:700;color:#082c45\">Formato h\u00edbrido (de forma remota a trav\u00e9s de Zoom y en persona en el Concejo Municipal)<\/span><br>\r\n<span style=\"font-weight:600;color:#082c45\">248 Main Street, Soledad<\/span><br>\r\n<span style=\"color:#222222\"><p>La Comision de Planificaci\u00f3n tuvo una reuni\u00f3n p\u00fablica para revisar la Visi\u00f3n y principios que gu\u00edan la Actualizaci\u00f3n del Plan General. Se animo a los miembros del p\u00fablico a asistir la reuni\u00f3n.<\/p>\n<p><strong>Materiales de la reuni\u00f3n<\/strong><\/p>\n<ul>\n<li><span style=\"text-decoration: underline\"><a href=\"https:\/\/www.soledadgeneralplan2045.com\/wp-content\/uploads\/2024\/03\/03.14.24-PC-Regular-meeting-Agenda-final-.pdf\">Agenda<\/a><\/span><\/li>\n<li><span style=\"text-decoration: underline\"><a href=\"https:\/\/www.soledadgeneralplan2045.com\/wp-content\/uploads\/2024\/03\/PC-Presentation_031424.pdf\">Presentaci\u00f3n<\/a><\/span><\/li>\n<li><span style=\"text-decoration: underline\"><a href=\"https:\/\/www.soledadgeneralplan2045.com\/wp-content\/uploads\/2024\/03\/Soledad_Vision_Statement_Draft_1-31-2024.pdf\">Draft Vision and Guiding Principles (English)<\/a><\/span><\/li>\n<li><span style=\"text-decoration: underline\"><a href=\"https:\/\/www.soledadgeneralplan2045.com\/wp-content\/uploads\/2024\/03\/Soledad_Vision_Statement_Draft_Spanish.pdf\">Draft Vision and Guiding Principles (Espa\u00f1ol)<\/a><\/span><\/li>\n<\/ul>\n<\/span><br>\r\n<em>Vea <span style=\"text-decoration:underline\"><a href='https:\/\/www.soledadgeneralplan2045.com\/es\/mc-events\/planning-commission-meeting-draft-vision-and-guiding-principles\/' class='mc-details' rel=\"nofollow\">Details about Planning Commission Meeting - Draft Vision and Guiding Principles<\/a><\/span><\/em><\/li>\n\n<li class=\"mc-mc_upcoming_11 upcoming-event mc_city-council-planning-commission mc_city-council-chambers past-event mc_primary_city-council-planning-commission nonrecurring mc mc-start-18-00 ungrouped mc-event-11 mc-events mc_rel_city-council-planning-commission\"><a style=\"font-size:20pt;font-weight:700;color:#002866\">Reuni\u00f3n de la Comisi\u00f3n de Planificaci\u00f3n y el Ayuntamiento - Elemento de Vivienda<\/a><br>\r\n<span style=\"font-weight:600;color:#082c45\">September 27, 2023, 6:00 pm\u2013<\/span><br>\r\n<span style=\"font-weight:700;color:#082c45\">City Council Chambers<\/span><br>\r\n<span style=\"font-weight:600;color:#082c45\">248 Main Street, Soledad<\/span><br>\r\n<span style=\"color:#222222\"><p>En esta reuni\u00f3n p\u00fablica, la Comisi\u00f3n de Planificaci\u00f3n y el Concejo Municipal proporcionaron comentarios sobre la <span style=\"text-decoration: underline\"><a href=\"https:\/\/www.soledadgeneralplan2045.com\/wp-content\/uploads\/2023\/08\/Soledad-Housing-Element-Public-Review-Draft_Revised-8.24.2023_Clean.pdf\">Borrador de Revisi\u00f3n P\u00fablica del Elemento de Vivienda 2023-2031<\/a><\/span>. Animamos a los miembros del p\u00fablico a asistir y dar su opini\u00f3n.<\/p>\n<p><strong>V\u00eddeo<\/strong><\/p>\n<p><iframe src=\"https:\/\/www.facebook.com\/plugins\/video.php?height=314&amp;href=https%3A%2F%2Fwww.facebook.com%2FTheCityofSoledad%2Fvideos%2F1008449820372857%2F&amp;show_text=false&amp;width=560&amp;t=205\" width=\"640\" height=\"480\" frameborder=\"0\" allowfullscreen=\"allowfullscreen\"><\/iframe><\/p>\n<p><strong>Materiales de la reuni\u00f3n<\/strong><\/p>\n<ul>\n<li><span style=\"text-decoration: underline\"><a href=\"https:\/\/www.soledadgeneralplan2045.com\/wp-content\/uploads\/2023\/09\/09.27.2023-Special-PC-and-CC-Agenda.pdf\">Agenda<\/a><\/span><\/li>\n<\/ul>\n<p>&nbsp;<\/p>\n<\/span><br>\r\n<em>Vea <span style=\"text-decoration:underline\"><a href='https:\/\/www.soledadgeneralplan2045.com\/es\/mc-events\/joint-planning-commission-and-city-council-meeting-housing-element-2\/' class='mc-details' rel=\"nofollow\">Details about Joint Planning Commission and City Council Meeting - Housing Element<\/a><\/span><\/em><\/li>\n\n<li class=\"mc-mc_upcoming_8 upcoming-event mc_city-council-planning-commission mc_city-council-chambers past-event mc_primary_city-council-planning-commission nonrecurring mc mc-start-18-00 ungrouped mc-event-8 mc-events mc_rel_city-council-planning-commission\"><a style=\"font-size:20pt;font-weight:700;color:#002866\">Reuni\u00f3n de la Comisi\u00f3n de Planificaci\u00f3n y el Ayuntamiento - Elemento de Vivienda<\/a><br>\r\n<span style=\"font-weight:600;color:#082c45\">April 18, 2023, 6:00 pm\u2013<\/span><br>\r\n<span style=\"font-weight:700;color:#082c45\">City Council Chambers<\/span><br>\r\n<span style=\"font-weight:600;color:#082c45\">248 Main Street, Soledad<\/span><br>\r\n<span style=\"color:#222222\"><p>En esta reuni\u00f3n, la Comisi\u00f3n de Planificaci\u00f3n y el Ayuntamiento recibieron una presentaci\u00f3n sobre la Actualizaci\u00f3n del Elemento de Vivienda 2023-2031.<\/p>\n<p><strong>V\u00eddeo<\/strong><\/p>\n<p><iframe src=\"https:\/\/www.facebook.com\/plugins\/video.php?height=314&amp;href=https%3A%2F%2Fwww.facebook.com%2FTheCityofSoledad%2Fvideos%2F3427235640823105%2F&amp;show_text=false&amp;width=560&amp;t=0\" width=\"640\" height=\"480\" frameborder=\"0\" allowfullscreen=\"allowfullscreen\"><\/iframe><\/p>\n<p><strong>Materiales de la reuni\u00f3n<\/strong><\/p>\n<ul>\n<li><span style=\"text-decoration: underline\"><a href=\"https:\/\/www.soledadgeneralplan2045.com\/wp-content\/uploads\/2023\/05\/04.18.2023-Special-Joint-PC-CC-Meeting-Agenda.pdf\">Agenda<\/a><\/span><\/li>\n<li><span style=\"text-decoration: underline\"><a href=\"https:\/\/www.soledadgeneralplan2045.com\/wp-content\/uploads\/2023\/05\/Workshop_Study-Session_April-2023-v3.pdf\">Presentaci\u00f3n<\/a><\/span><\/li>\n<li><span style=\"text-decoration: underline\"><a href=\"https:\/\/www.soledadgeneralplan2045.com\/wp-content\/uploads\/2023\/05\/B-1-Business-Item-1.pdf\">Comunicaci\u00f3n de la Comisi\u00f3n<\/a><\/span><\/li>\n<\/ul>\n<\/span><br>\r\n<em>Vea <span style=\"text-decoration:underline\"><a href='https:\/\/www.soledadgeneralplan2045.com\/es\/mc-events\/joint-planning-commission-and-city-council-meeting-housing-element\/' class='mc-details' rel=\"nofollow\">Details about Joint Planning Commission and City Council Meeting - Housing Element<\/a><\/span><\/em><\/li>\n\n<li class=\"mc-mc_upcoming_6 upcoming-event mc_city-council-planning-commission mc_city-council-chambers past-event mc_primary_city-council-planning-commission nonrecurring mc mc-start-19-00 ungrouped mc-event-6 mc-events mc_rel_city-council-planning-commission\"><a style=\"font-size:20pt;font-weight:700;color:#002866\">Reuni\u00f3n de la Comisi\u00f3n de Planificaci\u00f3n - Descripci\u00f3n general del plan<\/a><br>\r\n<span style=\"font-weight:600;color:#082c45\">March 9, 2023, 6:00 pm\u2013<\/span><br>\r\n<span style=\"font-weight:700;color:#082c45\">City Council Chambers<\/span><br>\r\n<span style=\"font-weight:600;color:#082c45\">248 Main Street, Soledad<\/span><br>\r\n<span style=\"color:#222222\"><p>En esta reuni\u00f3n, la Comisi\u00f3n de Planificaci\u00f3n recibi\u00f3 una descripci\u00f3n general de la actualizaci\u00f3n del Plan General.<\/p>\n<p><strong>V\u00eddeo<\/strong><\/p>\n<p><iframe src=\"https:\/\/www.facebook.com\/plugins\/video.php?height=314&amp;href=https%3A%2F%2Fwww.facebook.com%2FTheCityofSoledad%2Fvideos%2F863918181352597%2F&amp;show_text=false&amp;width=560&amp;t=0\" width=\"640\" height=\"480\" frameborder=\"0\" allowfullscreen=\"allowfullscreen\"><\/iframe><\/p>\n<p><strong>Materiales de la reuni\u00f3n<\/strong><\/p>\n<ul>\n<li><span style=\"text-decoration: underline\"><a href=\"https:\/\/www.soledadgeneralplan2045.com\/wp-content\/uploads\/2023\/05\/03-09-23-PC-Agenda.pdf\">Agenda<\/a><\/span><\/li>\n<li><span style=\"text-decoration: underline\"><a href=\"https:\/\/www.soledadgeneralplan2045.com\/wp-content\/uploads\/2023\/05\/Planning-Commission-Presentation_030723.pdf\">Presentaci\u00f3n<\/a><\/span><\/li>\n<\/ul>\n<\/span><br>\r\n<em>Vea <span style=\"text-decoration:underline\"><a href='https:\/\/www.soledadgeneralplan2045.com\/es\/mc-events\/planning-commission-meeting-general-plan-overview\/' class='mc-details' rel=\"nofollow\">Details about Planning Commission Meeting - General Plan Overview<\/a><\/span><\/em><\/li>\n<\/ul><\/div><\/div>\n\t\t\t\t\t\t<\/div>\n\t\t\t\t<\/div>\n\t\t\t\t\t<\/div>\n\t\t<\/div>\n\t\t\t\t\t<\/div>\n\t\t<\/section>\n\t\t\t\t<\/div>","protected":false},"excerpt":{"rendered":"<p>City Council and Planning Commission Throughout the General Plan Update project, the City Council and Planning Commission will be presented with information at key milestones and asked for direction or [&hellip;]<\/p>","protected":false},"author":3,"featured_media":0,"parent":0,"menu_order":0,"comment_status":"closed","ping_status":"closed","template":"elementor_header_footer","meta":{"_EventAllDay":false,"_EventTimezone":"","_EventStartDate":"","_EventEndDate":"","_EventStartDateUTC":"","_EventEndDateUTC":"","_EventShowMap":false,"_EventShowMapLink":false,"_EventURL":"","_EventCost":"","_EventCostDescription":"","_EventCurrencySymbol":"","_EventCurrencyCode":"","_EventCurrencyPosition":"","_EventDateTimeSeparator":"","_EventTimeRangeSeparator":"","_EventOrganizerID":[],"_EventVenueID":[],"_OrganizerEmail":"","_OrganizerPhone":"","_OrganizerWebsite":"","_VenueAddress":"","_VenueCity":"","_VenueCountry":"","_VenueProvince":"","_VenueState":"","_VenueZip":"","_VenuePhone":"","_VenueURL":"","_VenueStateProvince":"","_VenueLat":"","_VenueLng":"","_VenueShowMap":false,"_VenueShowMapLink":false,"_mc_calendar":[],"footnotes":""},"class_list":["post-18793","page","type-page","status-publish","hentry"],"aioseo_notices":[],"_links":{"self":[{"href":"https:\/\/www.soledadgeneralplan2045.com\/es\/wp-json\/wp\/v2\/pages\/18793","targetHints":{"allow":["GET"]}}],"collection":[{"href":"https:\/\/www.soledadgeneralplan2045.com\/es\/wp-json\/wp\/v2\/pages"}],"about":[{"href":"https:\/\/www.soledadgeneralplan2045.com\/es\/wp-json\/wp\/v2\/types\/page"}],"author":[{"embeddable":true,"href":"https:\/\/www.soledadgeneralplan2045.com\/es\/wp-json\/wp\/v2\/users\/3"}],"replies":[{"embeddable":true,"href":"https:\/\/www.soledadgeneralplan2045.com\/es\/wp-json\/wp\/v2\/comments?post=18793"}],"version-history":[{"count":67,"href":"https:\/\/www.soledadgeneralplan2045.com\/es\/wp-json\/wp\/v2\/pages\/18793\/revisions"}],"predecessor-version":[{"id":19851,"href":"https:\/\/www.soledadgeneralplan2045.com\/es\/wp-json\/wp\/v2\/pages\/18793\/revisions\/19851"}],"wp:attachment":[{"href":"https:\/\/www.soledadgeneralplan2045.com\/es\/wp-json\/wp\/v2\/media?parent=18793"}],"curies":[{"name":"wp","href":"https:\/\/api.w.org\/{rel}","templated":true}]}}