{"id":8923,"date":"2021-05-10T01:13:04","date_gmt":"2021-05-10T01:13:04","guid":{"rendered":"https:\/\/www.soledadgeneralplan2045.com\/?page_id=8923"},"modified":"2025-06-02T17:36:04","modified_gmt":"2025-06-03T00:36:04","slug":"documents","status":"publish","type":"page","link":"https:\/\/www.soledadgeneralplan2045.com\/es\/documents\/","title":{"rendered":"Documentos"},"content":{"rendered":"<div data-elementor-type=\"wp-page\" data-elementor-id=\"8923\" class=\"elementor elementor-8923\">\n\t\t\t\t\t\t<section class=\"elementor-section elementor-top-section elementor-element elementor-element-500c5e9 elementor-section-height-min-height elementor-section-boxed elementor-section-height-default elementor-section-items-middle\" data-id=\"500c5e9\" data-element_type=\"section\" data-e-type=\"section\" data-settings=\"{&quot;background_background&quot;:&quot;classic&quot;}\">\n\t\t\t\t\t\t\t<div class=\"elementor-background-overlay\"><\/div>\n\t\t\t\t\t\t\t<div class=\"elementor-container elementor-column-gap-extended\">\n\t\t\t\t\t<div class=\"elementor-column elementor-col-100 elementor-top-column elementor-element elementor-element-40e4d85\" data-id=\"40e4d85\" data-element_type=\"column\" data-e-type=\"column\">\n\t\t\t<div class=\"elementor-widget-wrap elementor-element-populated\">\n\t\t\t\t\t\t<div class=\"elementor-element elementor-element-4da608e elementor-widget elementor-widget-heading\" data-id=\"4da608e\" data-element_type=\"widget\" data-e-type=\"widget\" data-widget_type=\"heading.default\">\n\t\t\t\t<div class=\"elementor-widget-container\">\n\t\t\t\t\t<h2 class=\"elementor-heading-title elementor-size-default\">Documentos<\/h2>\t\t\t\t<\/div>\n\t\t\t\t<\/div>\n\t\t\t\t\t<\/div>\n\t\t<\/div>\n\t\t\t\t\t<\/div>\n\t\t<\/section>\n\t\t\t\t<section class=\"elementor-section elementor-top-section elementor-element elementor-element-a4ae86d elementor-section-boxed elementor-section-height-default elementor-section-height-default\" data-id=\"a4ae86d\" data-element_type=\"section\" data-e-type=\"section\">\n\t\t\t\t\t\t<div class=\"elementor-container elementor-column-gap-extended\">\n\t\t\t\t\t<div class=\"elementor-column elementor-col-100 elementor-top-column elementor-element elementor-element-3698c23\" data-id=\"3698c23\" data-element_type=\"column\" data-e-type=\"column\">\n\t\t\t<div class=\"elementor-widget-wrap elementor-element-populated\">\n\t\t\t\t\t\t<div class=\"elementor-element elementor-element-9d658b9 elementor-widget elementor-widget-accordion\" data-id=\"9d658b9\" data-element_type=\"widget\" data-e-type=\"widget\" data-widget_type=\"accordion.default\">\n\t\t\t\t<div class=\"elementor-widget-container\">\n\t\t\t\t\t\t\t<div class=\"elementor-accordion\">\n\t\t\t\t\t\t\t<div class=\"elementor-accordion-item\">\n\t\t\t\t\t<div id=\"elementor-tab-title-1651\" class=\"elementor-tab-title\" data-tab=\"1\" role=\"button\" aria-controls=\"elementor-tab-content-1651\" aria-expanded=\"false\">\n\t\t\t\t\t\t\t\t\t\t\t\t\t<span class=\"elementor-accordion-icon elementor-accordion-icon-left\" aria-hidden=\"true\">\n\t\t\t\t\t\t\t\t\t\t\t\t\t\t\t<span class=\"elementor-accordion-icon-closed\"><i class=\"far fa-file\"><\/i><\/span>\n\t\t\t\t\t\t\t\t<span class=\"elementor-accordion-icon-opened\"><i class=\"far fa-file\"><\/i><\/span>\n\t\t\t\t\t\t\t\t\t\t\t\t\t\t<\/span>\n\t\t\t\t\t\t\t\t\t\t\t\t<a class=\"elementor-accordion-title\" tabindex=\"0\">Mapas de usos del suelo y circulaci\u00f3n<\/a>\n\t\t\t\t\t<\/div>\n\t\t\t\t\t<div id=\"elementor-tab-content-1651\" class=\"elementor-tab-content elementor-clearfix\" data-tab=\"1\" role=\"region\" aria-labelledby=\"elementor-tab-title-1651\"><p>Los Mapas de Uso del Suelo y Circulaci\u00f3n para el Plan General 2045 est\u00e1n listos para su revisi\u00f3n:<\/p><ul><li><strong><a href=\"https:\/\/www.soledadgeneralplan2045.com\/wp-content\/uploads\/2025\/06\/Revised-Soledad-GP-2045-Draft-Land-Use-Map.pdf\"><span style=\"text-decoration: underline;\">Mapa de uso del suelo<\/span><\/a><\/strong><\/li><li><strong><a href=\"https:\/\/www.soledadgeneralplan2045.com\/wp-content\/uploads\/2025\/06\/Revised-Soledad-GP-2045-Draft-Circulation-Map.pdf\"><span style=\"text-decoration: underline;\">Mapa de circulaci\u00f3n<\/span><\/a><\/strong><\/li><li><a href=\"https:\/\/www.soledadgeneralplan2045.com\/wp-content\/uploads\/2025\/06\/Soledad-New-GP-LUs_Handout.pdf\"><strong><span style=\"text-decoration: underline;\">Nuevas designaciones de uso del suelo<\/span><\/strong><\/a><\/li><\/ul><\/div>\n\t\t\t\t<\/div>\n\t\t\t\t\t\t\t<div class=\"elementor-accordion-item\">\n\t\t\t\t\t<div id=\"elementor-tab-title-1652\" class=\"elementor-tab-title\" data-tab=\"2\" role=\"button\" aria-controls=\"elementor-tab-content-1652\" aria-expanded=\"false\">\n\t\t\t\t\t\t\t\t\t\t\t\t\t<span class=\"elementor-accordion-icon elementor-accordion-icon-left\" aria-hidden=\"true\">\n\t\t\t\t\t\t\t\t\t\t\t\t\t\t\t<span class=\"elementor-accordion-icon-closed\"><i class=\"far fa-file\"><\/i><\/span>\n\t\t\t\t\t\t\t\t<span class=\"elementor-accordion-icon-opened\"><i class=\"far fa-file\"><\/i><\/span>\n\t\t\t\t\t\t\t\t\t\t\t\t\t\t<\/span>\n\t\t\t\t\t\t\t\t\t\t\t\t<a class=\"elementor-accordion-title\" tabindex=\"0\">Final Visi\u00f3n y principios que nos gu\u00edan en<\/a>\n\t\t\t\t\t<\/div>\n\t\t\t\t\t<div id=\"elementor-tab-content-1652\" class=\"elementor-tab-content elementor-clearfix\" data-tab=\"2\" role=\"region\" aria-labelledby=\"elementor-tab-title-1652\"><p>La final visi\u00f3n establece los principios que guiar\u00e1n las pol\u00edticas y decisiones de la ciudad sobre el crecimiento futuro, la vivienda, la econom\u00eda, la seguridad y otros temas clave basados en los comentarios de los residentes de Soledad. El 1 de mayo de 2024, el Consejo Municipal reviso y finaliz\u00f3 la <a href=\"https:\/\/www.soledadgeneralplan2045.com\/wp-content\/uploads\/2024\/06\/Vision-and-Guiding-Principles_Final.pdf\"><span style=\"text-decoration: underline;\"><strong>General Plan Vision and Guiding Principles<\/strong><\/span><\/a> (<a href=\"https:\/\/www.soledadgeneralplan2045.com\/wp-content\/uploads\/2024\/06\/Vision-and-Guiding-Principles_Final_Spanish.pdf\"><span style=\"text-decoration: underline;\"><b style=\"text-decoration-line: underline;\">Visi\u00f3n y principios que nos gu\u00edan en <\/b><b>Espa\u00f1ol<\/b><\/span><\/a>).\u00a0<\/p><\/div>\n\t\t\t\t<\/div>\n\t\t\t\t\t\t\t<div class=\"elementor-accordion-item\">\n\t\t\t\t\t<div id=\"elementor-tab-title-1653\" class=\"elementor-tab-title\" data-tab=\"3\" role=\"button\" aria-controls=\"elementor-tab-content-1653\" aria-expanded=\"false\">\n\t\t\t\t\t\t\t\t\t\t\t\t\t<span class=\"elementor-accordion-icon elementor-accordion-icon-left\" aria-hidden=\"true\">\n\t\t\t\t\t\t\t\t\t\t\t\t\t\t\t<span class=\"elementor-accordion-icon-closed\"><i class=\"far fa-file\"><\/i><\/span>\n\t\t\t\t\t\t\t\t<span class=\"elementor-accordion-icon-opened\"><i class=\"far fa-file\"><\/i><\/span>\n\t\t\t\t\t\t\t\t\t\t\t\t\t\t<\/span>\n\t\t\t\t\t\t\t\t\t\t\t\t<a class=\"elementor-accordion-title\" tabindex=\"0\">Borrador visi\u00f3n y principios que nos gu\u00edan en<\/a>\n\t\t\t\t\t<\/div>\n\t\t\t\t\t<div id=\"elementor-tab-content-1653\" class=\"elementor-tab-content elementor-clearfix\" data-tab=\"3\" role=\"region\" aria-labelledby=\"elementor-tab-title-1653\"><p>El <a href=\"https:\/\/www.soledadgeneralplan2045.com\/wp-content\/uploads\/2024\/02\/Soledad_Vision_Statement_Draft_1-31-2024.pdf\"><span style=\"text-decoration: underline;\"><strong>Borrador visi\u00f3n y principios que nos gu\u00edan en<\/strong><\/span><\/a> (<a href=\"https:\/\/www.soledadgeneralplan2045.com\/wp-content\/uploads\/2024\/02\/Soledad_Vision_Statement_Draft_Spanish.pdf\"><span style=\"text-decoration: underline;\"><b style=\"text-decoration-line: underline;\">Visi\u00f3n y principios que nos gu\u00edan en <\/b><b>Espa\u00f1ol<\/b><\/span><\/a>) es el primer paso para capturar la visi\u00f3n de la comunidad para Soledad en 2045.<\/p><\/div>\n\t\t\t\t<\/div>\n\t\t\t\t\t\t\t<div class=\"elementor-accordion-item\">\n\t\t\t\t\t<div id=\"elementor-tab-title-1654\" class=\"elementor-tab-title\" data-tab=\"4\" role=\"button\" aria-controls=\"elementor-tab-content-1654\" aria-expanded=\"false\">\n\t\t\t\t\t\t\t\t\t\t\t\t\t<span class=\"elementor-accordion-icon elementor-accordion-icon-left\" aria-hidden=\"true\">\n\t\t\t\t\t\t\t\t\t\t\t\t\t\t\t<span class=\"elementor-accordion-icon-closed\"><i class=\"far fa-file\"><\/i><\/span>\n\t\t\t\t\t\t\t\t<span class=\"elementor-accordion-icon-opened\"><i class=\"far fa-file\"><\/i><\/span>\n\t\t\t\t\t\t\t\t\t\t\t\t\t\t<\/span>\n\t\t\t\t\t\t\t\t\t\t\t\t<a class=\"elementor-accordion-title\" tabindex=\"0\">Libro Informativo Plan General Siempre Soledad 2045<\/a>\n\t\t\t\t\t<\/div>\n\t\t\t\t\t<div id=\"elementor-tab-content-1654\" class=\"elementor-tab-content elementor-clearfix\" data-tab=\"4\" role=\"region\" aria-labelledby=\"elementor-tab-title-1654\"><p>Este <a href=\"https:\/\/www.soledadgeneralplan2045.com\/wp-content\/uploads\/2023\/10\/Soledad-Briefing-Book_10-31-2023.pdf\"><span style=\"text-decoration: underline;\"><strong>Libro Informativo<\/strong><\/span><\/a> (<a href=\"https:\/\/www.soledadgeneralplan2045.com\/wp-content\/uploads\/2024\/01\/Soledad-Briefing-Book_1-23-2024_Final_Spanish.pdf\"><span style=\"text-decoration: underline;\"><b style=\"text-decoration-line: underline;\">Libro Informativo en <\/b><b>Espa\u00f1ol<\/b><\/span><\/a>) highlights the unique features of Soledad, as well as the challenges the community faces over the next several decades. It offers a snapshot of current conditions \u2013 how land is used, how people move around, how the economy works, and how municipal services support the community \u2013 and summarizes anticipated growth, major development projects, economic trends, agricultural resource opportunities, environmental justice issues, and more.\u00a0<\/p><p>La informaci\u00f3n contenida en el Libro Informativo tiene como objetivo establecer una comprensi\u00f3n compartida de estas caracter\u00edsticas importantes para resaltar lo que la comunidad puede construir y lo que la Actualizaci\u00f3n del Plan General tendr\u00e1 que abordar.<\/p><\/div>\n\t\t\t\t<\/div>\n\t\t\t\t\t\t\t<div class=\"elementor-accordion-item\">\n\t\t\t\t\t<div id=\"elementor-tab-title-1655\" class=\"elementor-tab-title\" data-tab=\"5\" role=\"button\" aria-controls=\"elementor-tab-content-1655\" aria-expanded=\"false\">\n\t\t\t\t\t\t\t\t\t\t\t\t\t<span class=\"elementor-accordion-icon elementor-accordion-icon-left\" aria-hidden=\"true\">\n\t\t\t\t\t\t\t\t\t\t\t\t\t\t\t<span class=\"elementor-accordion-icon-closed\"><i class=\"far fa-file\"><\/i><\/span>\n\t\t\t\t\t\t\t\t<span class=\"elementor-accordion-icon-opened\"><i class=\"far fa-file\"><\/i><\/span>\n\t\t\t\t\t\t\t\t\t\t\t\t\t\t<\/span>\n\t\t\t\t\t\t\t\t\t\t\t\t<a class=\"elementor-accordion-title\" tabindex=\"0\">Existing Conditions Reports<\/a>\n\t\t\t\t\t<\/div>\n\t\t\t\t\t<div id=\"elementor-tab-content-1655\" class=\"elementor-tab-content elementor-clearfix\" data-tab=\"5\" role=\"region\" aria-labelledby=\"elementor-tab-title-1655\"><p>Los informes de condiciones existentes a continuaci\u00f3n ofrecen informaci\u00f3n sobre las condiciones actuales en Soledad.\u00a0<\/p><ul><li><a href=\"https:\/\/www.soledadgeneralplan2045.com\/wp-content\/uploads\/2023\/11\/Circulation-Existing-Conditions-Report.pdf\"><span style=\"text-decoration: underline;\"><strong>Informe de Condiciones Existentes de Circulaci\u00f3n<\/strong><\/span><\/a>. En este informe se describe la normativa y las condiciones existentes en relaci\u00f3n con la circulaci\u00f3n y las condiciones de tr\u00e1nsito existentes en Soledad.<\/li><li><a href=\"https:\/\/www.soledadgeneralplan2045.com\/wp-content\/uploads\/2023\/11\/Demographics-and-Economics-Existing-Conditions-Report.pdf\"><span style=\"text-decoration: underline;\"><strong>Informe de Condiciones Econ\u00f3micas y Demogr\u00e1ficas Existentes<\/strong><\/span><\/a>. Este informe cubre las condiciones y tendencias demogr\u00e1ficas, econ\u00f3micas y del mercado inmobiliario en Soledad.<\/li><li><a href=\"https:\/\/www.soledadgeneralplan2045.com\/wp-content\/uploads\/2023\/11\/Infrastructure-and-Utilties-Existing-Conditions-Report.pdf\"><span style=\"text-decoration: underline;\"><strong>Informe de Condiciones Existentes de Infraestructura y Servicios P\u00fablicos<\/strong><\/span><\/a>. Este informe describe las regulaciones y condiciones existentes relacionadas con la infraestructura y los servicios p\u00fablicos en Soledad.<\/li><li><a href=\"https:\/\/www.soledadgeneralplan2045.com\/wp-content\/uploads\/2023\/11\/Land-Use-Existing-Conditions-Report.pdf\"><span style=\"text-decoration: underline;\"><strong>Informe de Condiciones Existentes de Uso de la Tierra<\/strong><\/span><\/a>. Este informe revisa el contexto de referencia del uso de la tierra para el Plan General Updaten e incluye informaci\u00f3n de los patrones actuales de uso de la tierra que contribuyen a la identidad de Soledad, incluyendo su centro a lo largo de Front Street, las tierras de cultivo circundantes y el desarrollo futuro planificado.<\/li><\/ul><\/div>\n\t\t\t\t<\/div>\n\t\t\t\t\t\t\t<div class=\"elementor-accordion-item\">\n\t\t\t\t\t<div id=\"elementor-tab-title-1656\" class=\"elementor-tab-title\" data-tab=\"6\" role=\"button\" aria-controls=\"elementor-tab-content-1656\" aria-expanded=\"false\">\n\t\t\t\t\t\t\t\t\t\t\t\t\t<span class=\"elementor-accordion-icon elementor-accordion-icon-left\" aria-hidden=\"true\">\n\t\t\t\t\t\t\t\t\t\t\t\t\t\t\t<span class=\"elementor-accordion-icon-closed\"><i class=\"far fa-file\"><\/i><\/span>\n\t\t\t\t\t\t\t\t<span class=\"elementor-accordion-icon-opened\"><i class=\"far fa-file\"><\/i><\/span>\n\t\t\t\t\t\t\t\t\t\t\t\t\t\t<\/span>\n\t\t\t\t\t\t\t\t\t\t\t\t<a class=\"elementor-accordion-title\" tabindex=\"0\">Elemento de Vivienda<\/a>\n\t\t\t\t\t<\/div>\n\t\t\t\t\t<div id=\"elementor-tab-content-1656\" class=\"elementor-tab-content elementor-clearfix\" data-tab=\"6\" role=\"region\" aria-labelledby=\"elementor-tab-title-1656\"><p><strong>Nos alegra anunciar que el Elemento de Vivienda 2023-2031 fue adoptado oficialmente por el Concejo Municipal el 7 de agosto de 2024 y certificado por el HCD el 23 de agosto de 2024.\u00a0<\/strong> Sus contribuciones, ideas y participaci\u00f3n en este proceso han sido fundamentales para dar forma a un plan de vivienda que refleja verdaderamente las necesidades y aspiraciones de nuestra comunidad.<\/p><h4><strong><span style=\"text-decoration: underline;\">Adopted Housing Element \/ HCD Certification, August 2024<\/span><\/strong><\/h4><p>El 17 de junio de 2024, la Ciudad de Soledad recibi\u00f3 una carta de conformidad condicional del HCD para su Elemento de Vivienda 2023-2031. En una junta p\u00fablica el 10 de julio de 2024, la Comisi\u00f3n de Planificaci\u00f3n de la Ciudad recomend\u00f3 que el Concejo Municipal adoptara el Elemento de Vivienda 2023-2031 y su Ap\u00e9ndice CEQA asociado, lo cual hizo el Concejo Municipal en una junta p\u00fablica el 7 de agosto de 2024. Siguiendo instrucciones del Alcalde Velasquez en esa reunion, la Ciudad hizo subsecuentes revisiones al borrador. El proyecto fue presentado al HCD el 16 de agosto de 2024, para su revisi\u00f3n final de certificaci\u00f3n. Vea los enlaces a continuaci\u00f3n para revisarlo.\u00a0<\/p><p><a href=\"https:\/\/www.soledadgeneralplan2045.com\/wp-content\/uploads\/2024\/08\/Soledad-Adopted-Housing-Element_Clean.pdf\"><span style=\"text-decoration: underline;\"><strong>Click here to review the adopted Housing Element.<\/strong><\/span><\/a><\/p><p><a href=\"https:\/\/www.soledadgeneralplan2045.com\/wp-content\/uploads\/2024\/08\/Soledad-Adopted-Housing-Element_Tracked.pdf\"><span style=\"text-decoration: underline;\"><strong>Click here to review the Housing Element with tracked changes.<\/strong><\/span><\/a><\/p><p><a href=\"https:\/\/www.soledadgeneralplan2045.com\/wp-content\/uploads\/2024\/08\/Soledad_HE_Addendum_6_21_24.pdf\"><span style=\"text-decoration: underline;\"><strong>Haga clic aqu\u00ed para consultar el ap\u00e9ndice de CEQA.<\/strong><\/span><\/a><\/p><h4><strong><span style=\"text-decoration: underline;\">Segundo borrador del HCD, abril de 2024<\/span><\/strong><\/h4><p>El 7 de marzo de 2024, la Ciudad de Soledad recibi\u00f3 una carta con las conclusiones del HCD sobre su Elemento de Vivienda 2023-2031. En respuesta a estos comentarios, la Ciudad ha revisado el borrador. Vea los enlaces a continuaci\u00f3n para revisarlo.<\/p><p><a href=\"https:\/\/www.soledadgeneralplan2045.com\/wp-content\/uploads\/2024\/04\/Soledad-Housing-Element-HCD-2nd-Submittal-Draft_4_10_24_Tracked.pdf\"><span style=\"text-decoration: underline;\"><strong>Haga clic aqu\u00ed para revisar el borrador del Elemento de Vivienda con los cambios.<\/strong><\/span><\/a><\/p><p><a href=\"https:\/\/www.soledadgeneralplan2045.com\/wp-content\/uploads\/2024\/04\/Soledad-Housing-Element-HCD-2nd-Submittal-Draft_4_10_24_Clean.pdf\"><span style=\"text-decoration: underline;\"><strong>Haga clic aqu\u00ed para revisar el borrador de la copia limpia del Elemento de Vivienda.<\/strong><\/span><\/a><\/p><h4><strong><span style=\"text-decoration: underline;\">Borrador revisado de HCD, febrero de 2024<\/span><\/strong><\/h4><p>El 1 de febrero de 2024, la Ciudad de Soledad recibi\u00f3 comentarios preliminares del HCD sobre su Elemento de Vivienda 2023-2031. En respuesta a los comentarios, la Ciudad ha revisado el borrador. Ver enlaces abajo para revisar.\u00a0<\/p><p><a href=\"https:\/\/www.soledadgeneralplan2045.com\/wp-content\/uploads\/2024\/02\/Soledad-Housing-Element-HCD-1st-Submittal-Draft-REV-2_28_24_Tracked.pdf\"><span style=\"text-decoration: underline;\"><strong>Haga clic aqu\u00ed para revisar el borrador del Elemento de Vivienda con los cambios.<\/strong><\/span><\/a><\/p><p><a href=\"https:\/\/www.soledadgeneralplan2045.com\/wp-content\/uploads\/2024\/02\/Soledad-Housing-Element-HCD-1st-Submittal-Draft-REV-2_28_24_Clean.pdf\"><span style=\"text-decoration: underline;\"><strong>Haga clic aqu\u00ed para revisar el borrador de la copia limpia del Elemento de Vivienda.<\/strong><\/span><\/a><\/p><h4><span style=\"text-decoration: underline;\"><strong>Primer borrador de HCD, diciembre de 2023<\/strong><\/span><\/h4><p>El 8 de diciembre de 2023, la Ciudad de Soledad entreg\u00f3 un borrador de su Elemento de Vivienda 2023-2031 al HCD para su revisi\u00f3n inicial de 90 d\u00edas.\u00a0<span style=\"text-decoration: underline;\"><a href=\"https:\/\/www.soledadgeneralplan2045.com\/wp-content\/uploads\/2023\/12\/Soledad-Housing-Element-HCD-1st-Submittal-Draft-12_8_23_Clean.pdf\"><strong>Haga clic aqu\u00ed para revisar.<\/strong><\/a><\/span><\/p><h4><span style=\"text-decoration: underline;\"><strong>Borrador de revisi\u00f3n p\u00fablica, agosto de 2023<\/strong><\/span><\/h4><div class=\"elementor-element elementor-element-d6c2ab0 elementor-widget elementor-widget-text-editor\" data-id=\"d6c2ab0\" data-element_type=\"widget\" data-widget_type=\"text-editor.default\"><div class=\"elementor-widget-container\"><p>El 25 de agosto de 2023, la Ciudad de Soledad public\u00f3 el Borrador de Revisi\u00f3n P\u00fablica de su Elemento de Vivienda 2023-2031.\u00a0<span style=\"text-decoration: underline;\"><a href=\"https:\/\/www.soledadgeneralplan2045.com\/wp-content\/uploads\/2023\/08\/Soledad-Housing-Element-Public-Review-Draft_Revised-8.24.2023_Clean.pdf\"><strong>Haga clic aqu\u00ed para revisar.<\/strong><\/a><\/span><\/p><\/div><\/div><\/div>\n\t\t\t\t<\/div>\n\t\t\t\t\t\t\t<div class=\"elementor-accordion-item\">\n\t\t\t\t\t<div id=\"elementor-tab-title-1657\" class=\"elementor-tab-title\" data-tab=\"7\" role=\"button\" aria-controls=\"elementor-tab-content-1657\" aria-expanded=\"false\">\n\t\t\t\t\t\t\t\t\t\t\t\t\t<span class=\"elementor-accordion-icon elementor-accordion-icon-left\" aria-hidden=\"true\">\n\t\t\t\t\t\t\t\t\t\t\t\t\t\t\t<span class=\"elementor-accordion-icon-closed\"><i class=\"far fa-file\"><\/i><\/span>\n\t\t\t\t\t\t\t\t<span class=\"elementor-accordion-icon-opened\"><i class=\"far fa-file\"><\/i><\/span>\n\t\t\t\t\t\t\t\t\t\t\t\t\t\t<\/span>\n\t\t\t\t\t\t\t\t\t\t\t\t<a class=\"elementor-accordion-title\" tabindex=\"0\">Plan General Actual 2005<\/a>\n\t\t\t\t\t<\/div>\n\t\t\t\t\t<div id=\"elementor-tab-content-1657\" class=\"elementor-tab-content elementor-clearfix\" data-tab=\"7\" role=\"region\" aria-labelledby=\"elementor-tab-title-1657\"><p>En 2005, la Ciudad de Soledad adopt\u00f3 su actual <a href=\"https:\/\/www.soledadgeneralplan2045.com\/wp-content\/uploads\/2023\/04\/2005-General-Plan.pdf\"><span style=\"text-decoration: underline;\">Plan General<\/span><\/a>. El Plan General de Soledad es el documento legal que sirve como \u201cmodelo\u201d o \u201cconstituci\u00f3n\u201d de la ciudad para el uso y desarrollo del terreno. La ley estatal requiere que todas las ciudades y condados de California adopten y mantengan un Plan General que sea integral y a largo plazo. El Plan General actualizado reflejar\u00e1 los problemas, ideas y aspiraciones de hoy y planificar\u00e1 por adelantado para los pr\u00f3ximos veinte a\u00f1os. Aunque el Plan General actualizado reemplazar\u00e1 al Plan General de 2005, el Plan General actualizado puede llevar adelante un lenguaje de pol\u00edticas que todav\u00eda est\u00e1 sirviendo bien a la comunidad. Las pol\u00edticas y acciones que se hayan logrado, que ya no sean relevantes o que se hayan redefinido a trav\u00e9s del proceso de actualizaci\u00f3n se eliminar\u00e1n o revisar\u00e1n.<\/p><\/div>\n\t\t\t\t<\/div>\n\t\t\t\t\t\t\t\t<\/div>\n\t\t\t\t\t\t<\/div>\n\t\t\t\t<\/div>\n\t\t\t\t\t<\/div>\n\t\t<\/div>\n\t\t\t\t\t<\/div>\n\t\t<\/section>\n\t\t\t\t<\/div>","protected":false},"excerpt":{"rendered":"<p>Documents Draft Land Use and Circulation Maps The Draft Land Use and Circulation Maps for General Plan 2045 are ready for review: Draft Land Use Map Draft Circulation Map Proposed [&hellip;]<\/p>","protected":false},"author":1,"featured_media":0,"parent":0,"menu_order":0,"comment_status":"closed","ping_status":"closed","template":"elementor_header_footer","meta":{"_EventAllDay":false,"_EventTimezone":"","_EventStartDate":"","_EventEndDate":"","_EventStartDateUTC":"","_EventEndDateUTC":"","_EventShowMap":false,"_EventShowMapLink":false,"_EventURL":"","_EventCost":"","_EventCostDescription":"","_EventCurrencySymbol":"","_EventCurrencyCode":"","_EventCurrencyPosition":"","_EventDateTimeSeparator":"","_EventTimeRangeSeparator":"","_EventOrganizerID":[],"_EventVenueID":[],"_OrganizerEmail":"","_OrganizerPhone":"","_OrganizerWebsite":"","_VenueAddress":"","_VenueCity":"","_VenueCountry":"","_VenueProvince":"","_VenueState":"","_VenueZip":"","_VenuePhone":"","_VenueURL":"","_VenueStateProvince":"","_VenueLat":"","_VenueLng":"","_VenueShowMap":false,"_VenueShowMapLink":false,"_mc_calendar":[],"footnotes":""},"class_list":["post-8923","page","type-page","status-publish","hentry"],"aioseo_notices":[],"_links":{"self":[{"href":"https:\/\/www.soledadgeneralplan2045.com\/es\/wp-json\/wp\/v2\/pages\/8923","targetHints":{"allow":["GET"]}}],"collection":[{"href":"https:\/\/www.soledadgeneralplan2045.com\/es\/wp-json\/wp\/v2\/pages"}],"about":[{"href":"https:\/\/www.soledadgeneralplan2045.com\/es\/wp-json\/wp\/v2\/types\/page"}],"author":[{"embeddable":true,"href":"https:\/\/www.soledadgeneralplan2045.com\/es\/wp-json\/wp\/v2\/users\/1"}],"replies":[{"embeddable":true,"href":"https:\/\/www.soledadgeneralplan2045.com\/es\/wp-json\/wp\/v2\/comments?post=8923"}],"version-history":[{"count":173,"href":"https:\/\/www.soledadgeneralplan2045.com\/es\/wp-json\/wp\/v2\/pages\/8923\/revisions"}],"predecessor-version":[{"id":20571,"href":"https:\/\/www.soledadgeneralplan2045.com\/es\/wp-json\/wp\/v2\/pages\/8923\/revisions\/20571"}],"wp:attachment":[{"href":"https:\/\/www.soledadgeneralplan2045.com\/es\/wp-json\/wp\/v2\/media?parent=8923"}],"curies":[{"name":"wp","href":"https:\/\/api.w.org\/{rel}","templated":true}]}}