{"id":9106,"date":"2021-05-10T07:17:53","date_gmt":"2021-05-10T07:17:53","guid":{"rendered":"https:\/\/www.soledadgeneralplan2045.com\/?page_id=9106"},"modified":"2023-05-05T16:11:44","modified_gmt":"2023-05-05T23:11:44","slug":"general-plan-update-overview","status":"publish","type":"page","link":"https:\/\/www.soledadgeneralplan2045.com\/es\/general-plan-update-overview\/","title":{"rendered":"Informaci\u00f3n sobre el plan general"},"content":{"rendered":"<div data-elementor-type=\"wp-page\" data-elementor-id=\"9106\" class=\"elementor elementor-9106\">\n\t\t\t\t\t\t<section class=\"elementor-section elementor-top-section elementor-element elementor-element-c48a1e7 elementor-section-height-min-height elementor-section-boxed elementor-section-height-default elementor-section-items-middle\" data-id=\"c48a1e7\" data-element_type=\"section\" data-e-type=\"section\" data-settings=\"{&quot;background_background&quot;:&quot;classic&quot;}\">\n\t\t\t\t\t\t\t<div class=\"elementor-background-overlay\"><\/div>\n\t\t\t\t\t\t\t<div class=\"elementor-container elementor-column-gap-extended\">\n\t\t\t\t\t<div class=\"elementor-column elementor-col-100 elementor-top-column elementor-element elementor-element-4649b0c\" data-id=\"4649b0c\" data-element_type=\"column\" data-e-type=\"column\">\n\t\t\t<div class=\"elementor-widget-wrap elementor-element-populated\">\n\t\t\t\t\t\t<div class=\"elementor-element elementor-element-66e7790 elementor-widget elementor-widget-heading\" data-id=\"66e7790\" data-element_type=\"widget\" data-e-type=\"widget\" data-widget_type=\"heading.default\">\n\t\t\t\t<div class=\"elementor-widget-container\">\n\t\t\t\t\t<div class=\"elementor-heading-title elementor-size-default\">\u00bfPor qu\u00e9 es importante un plan general?<\/div>\t\t\t\t<\/div>\n\t\t\t\t<\/div>\n\t\t\t\t<div class=\"elementor-element elementor-element-12378aa elementor-widget elementor-widget-heading\" data-id=\"12378aa\" data-element_type=\"widget\" data-e-type=\"widget\" data-widget_type=\"heading.default\">\n\t\t\t\t<div class=\"elementor-widget-container\">\n\t\t\t\t\t<h2 class=\"elementor-heading-title elementor-size-default\">El Plan General es nuestra \"constituci\u00f3n\" para la planificaci\u00f3n y el crecimiento.<\/h2>\t\t\t\t<\/div>\n\t\t\t\t<\/div>\n\t\t\t\t\t<\/div>\n\t\t<\/div>\n\t\t\t\t\t<\/div>\n\t\t<\/section>\n\t\t\t\t<section class=\"elementor-section elementor-top-section elementor-element elementor-element-23a3c86 elementor-section-full_width elementor-section-height-default elementor-section-height-default\" data-id=\"23a3c86\" data-element_type=\"section\" data-e-type=\"section\">\n\t\t\t\t\t\t<div class=\"elementor-container elementor-column-gap-default\">\n\t\t\t\t\t<div class=\"elementor-column elementor-col-100 elementor-top-column elementor-element elementor-element-c0a9d27\" data-id=\"c0a9d27\" data-element_type=\"column\" data-e-type=\"column\">\n\t\t\t<div class=\"elementor-widget-wrap elementor-element-populated\">\n\t\t\t\t\t\t<div class=\"elementor-element elementor-element-346de60 elementor-widget elementor-widget-nav-menu\" data-id=\"346de60\" data-element_type=\"widget\" data-e-type=\"widget\" data-widget_type=\"nav-menu.default\">\n\t\t\t\t<div class=\"elementor-widget-container\">\n\t\t\t\t\t \t\t\t\t<\/div>\n\t\t\t\t<\/div>\n\t\t\t\t\t<\/div>\n\t\t<\/div>\n\t\t\t\t\t<\/div>\n\t\t<\/section>\n\t\t\t\t<section class=\"elementor-section elementor-top-section elementor-element elementor-element-92a7fe6 elementor-section-boxed elementor-section-height-default elementor-section-height-default\" data-id=\"92a7fe6\" data-element_type=\"section\" data-e-type=\"section\">\n\t\t\t\t\t\t<div class=\"elementor-container elementor-column-gap-default\">\n\t\t\t\t\t<div class=\"elementor-column elementor-col-100 elementor-top-column elementor-element elementor-element-0b72927\" data-id=\"0b72927\" data-element_type=\"column\" data-e-type=\"column\">\n\t\t\t<div class=\"elementor-widget-wrap elementor-element-populated\">\n\t\t\t\t\t\t<div class=\"elementor-element elementor-element-7f08668 elementor-widget elementor-widget-menu-anchor\" data-id=\"7f08668\" data-element_type=\"widget\" data-e-type=\"widget\" data-widget_type=\"menu-anchor.default\">\n\t\t\t\t<div class=\"elementor-widget-container\">\n\t\t\t\t\t\t\t<div class=\"elementor-menu-anchor\" id=\"gpupdate\"><\/div>\n\t\t\t\t\t\t<\/div>\n\t\t\t\t<\/div>\n\t\t\t\t<div class=\"elementor-element elementor-element-39fef54 elementor-widget elementor-widget-heading\" data-id=\"39fef54\" data-element_type=\"widget\" data-e-type=\"widget\" data-widget_type=\"heading.default\">\n\t\t\t\t<div class=\"elementor-widget-container\">\n\t\t\t\t\t<h2 class=\"elementor-heading-title elementor-size-default\">Actualizaci\u00f3n del Plan General<\/h2>\t\t\t\t<\/div>\n\t\t\t\t<\/div>\n\t\t\t\t<div class=\"elementor-element elementor-element-5596df3 elementor-widget elementor-widget-text-editor\" data-id=\"5596df3\" data-element_type=\"widget\" data-e-type=\"widget\" data-widget_type=\"text-editor.default\">\n\t\t\t\t<div class=\"elementor-widget-container\">\n\t\t\t\t\t\t\t\t\t<p>El Plan General describe las metas para el crecimiento f\u00edsico, la conservaci\u00f3n y la vida comunitaria en Soledad, y contiene las pol\u00edticas y acciones necesarias para lograr esas metas. Los miembros del personal de la ciudad usan el Plan General para guiar las decisiones sobre zonificaci\u00f3n, desarrollo permitido, provisi\u00f3n de servicios p\u00fablicos y mejoras de transporte. El actual Plan General de Soledad fue adoptado en 2005 y refleja los datos, actitudes y supuestos de la \u00e9poca. Sin embargo, como el Valle de Salinas y Soledad han cambiado en los \u00faltimos 18 a\u00f1os, las condiciones han evolucionado, y el Plan General necesita evolucionar tambi\u00e9n. El Plan General actualizado ayudar\u00e1 a la diversa comunidad de Soledad a crear y lograr una visi\u00f3n compartida y aspiracional para la preservaci\u00f3n futura, el crecimiento y el cambio que sea ambientalmente, econ\u00f3micamente, y equitativamente factible y sostenible.<\/p><p>T\u00edpicamente, un Plan General comienza con una Declaraci\u00f3n de Visi\u00f3n y luego establece metas y pol\u00edticas espec\u00edficas relacionadas con una variedad de temas c\u00edvicos, que se organizan en una serie de \u201celementos\u201d o cap\u00edtulos espec\u00edficos del Plan General. La ley estatal requiere que los planes generales aborden los siguientes temas generales: Uso de la tierra, espacio abierto, circulaci\u00f3n, vivienda, conservaci\u00f3n, seguridad, ruido y justicia ambiental. Estos temas se pueden combinar o presentar en cualquier orden que mejor se adapte a la comunidad. Se pueden agregar elementos adicionales al Plan General en funci\u00f3n de las necesidades y objetivos locales, y los elementos se pueden combinar entre s\u00ed. Las ciudades o pueblos incorporados est\u00e1n obligados a adoptar sus propios Planes Generales.\u00a0<\/p>\t\t\t\t\t\t\t\t<\/div>\n\t\t\t\t<\/div>\n\t\t\t\t<div class=\"elementor-element elementor-element-82ff2ed elementor-widget elementor-widget-menu-anchor\" data-id=\"82ff2ed\" data-element_type=\"widget\" data-e-type=\"widget\" data-widget_type=\"menu-anchor.default\">\n\t\t\t\t<div class=\"elementor-widget-container\">\n\t\t\t\t\t\t\t<div class=\"elementor-menu-anchor\" id=\"current\"><\/div>\n\t\t\t\t\t\t<\/div>\n\t\t\t\t<\/div>\n\t\t\t\t<div class=\"elementor-element elementor-element-293e89e elementor-widget elementor-widget-heading\" data-id=\"293e89e\" data-element_type=\"widget\" data-e-type=\"widget\" data-widget_type=\"heading.default\">\n\t\t\t\t<div class=\"elementor-widget-container\">\n\t\t\t\t\t<h2 class=\"elementor-heading-title elementor-size-default\">Plan General Actual<\/h2>\t\t\t\t<\/div>\n\t\t\t\t<\/div>\n\t\t\t\t<div class=\"elementor-element elementor-element-8dea60f elementor-widget elementor-widget-text-editor\" data-id=\"8dea60f\" data-element_type=\"widget\" data-e-type=\"widget\" data-widget_type=\"text-editor.default\">\n\t\t\t\t<div class=\"elementor-widget-container\">\n\t\t\t\t\t\t\t\t\t<p>El actual Plan General incluye todos los elementos requeridos por el Estado, excepto la justicia ambiental, e incluye tres elementos adicionales \u2014 parques y recreaci\u00f3n, servicios e instalaciones p\u00fablicas y desarrollo econ\u00f3mico \u2014 para un total de nueve elementos. Como parte del proceso de actualizaci\u00f3n, algunos elementos pueden combinarse.<\/p>\t\t\t\t\t\t\t\t<\/div>\n\t\t\t\t<\/div>\n\t\t\t\t<div class=\"elementor-element elementor-element-d8a62c2 elementor-widget elementor-widget-text-editor\" data-id=\"d8a62c2\" data-element_type=\"widget\" data-e-type=\"widget\" data-widget_type=\"text-editor.default\">\n\t\t\t\t<div class=\"elementor-widget-container\">\n\t\t\t\t\t\t\t\t\t<ul><li><strong>Uso de la Tierra.<\/strong> El Elemento de Uso de la Tierra establece un conjunto de metas, pol\u00edticas y programas de implementaci\u00f3n para guiar el uso y desarrollo futuro de la tierra en Soledad. Determina las ubicaciones dentro de la ciudad y su \u00e1rea de planificaci\u00f3n donde los usos residenciales, comerciales, industriales, p\u00fablicos y de espacios abiertos pueden ocurrir en el presente y en el futuro. Este Elemento tambi\u00e9n trabaja con las otras partes del plan para determinar la ubicaci\u00f3n, la tasa y el momento del nuevo crecimiento y desarrollo.<\/li><li><strong>Vivienda.<\/strong> El Elemento de Vivienda incluye una estrategia que establece metas, pol\u00edticas y programas de vivienda destinados a dar direcci\u00f3n para satisfacer las necesidades actuales y futuras de vivienda de la ciudad, tanto en t\u00e9rminos de preservaci\u00f3n del parque de viviendas existente como en el establecimiento de prioridades para la nueva construcci\u00f3n. Nota: Seg\u00fan lo requerido por la ley estatal, el Elemento de Vivienda se actualizar\u00e1 en un horario m\u00e1s r\u00e1pido que el resto del Plan General.<\/li><li><strong>Circulaci\u00f3n (Transporte).<\/strong> El Elemento de circulaci\u00f3n describe c\u00f3mo se satisfar\u00e1n las necesidades de transporte de la ciudad durante el per\u00edodo del Plan General. El Elemento de Circulaci\u00f3n identifica d\u00f3nde se construir\u00e1n nuevas carreteras para apoyar los usos del suelo contenidos en el Elemento de Uso de la Tierra, y tambi\u00e9n contiene disposiciones para el uso de modos alternativos de transporte, incluida la circulaci\u00f3n de bicicletas y peatones, y el tr\u00e1nsito.<\/li><li><strong>Conservaci\u00f3n y Espacio Abierto. <\/strong>Los Elementos de Conservaci\u00f3n y Espacio Abierto son dos elementos separados requeridos por la ley estatal, pero a veces se combinan como uno solo. Estos elementos describen los diversos recursos naturales y humanos en y alrededor de Soledad y c\u00f3mo estos recursos ser\u00e1n preservados y protegidos durante el per\u00edodo del Plan General.<\/li><li><strong>Seguridad.<\/strong> El Elemento de Seguridad identifica diferentes peligros s\u00edsmicos, geol\u00f3gicos, de inundaci\u00f3n e incendio en Soledad y discute c\u00f3mo se pueden minimizar estos peligros.<\/li><li><strong>Ruido.<\/strong> El Elemento de Ruido establece pol\u00edticas y est\u00e1ndares para proteger a los residentes de la exposici\u00f3n al ruido excesivo. Esto se hace analizando el ruido existente y proyectado en Soledad y luego determinando la compatibilidad del uso del suelo para varios niveles de ruido.<\/li><li><strong>Parques y Recreaci\u00f3n.<\/strong> El Elemento de Parques y Recreaci\u00f3n proporciona pol\u00edticas y est\u00e1ndares para el desarrollo de parques adicionales y la expansi\u00f3n de programas de recreaci\u00f3n para satisfacer las necesidades de los residentes de Soledad.<\/li><li><strong>Servicios e Instalaciones P\u00fablicas.<\/strong> El Elemento de Servicios e Instalaciones P\u00fablicas resume las necesidades de infraestructura e instalaciones p\u00fablicas de la ciudad a trav\u00e9s del crecimiento incluido en el Plan General.<\/li><li><strong>Desarrollo Econ\u00f3mico.<\/strong> El Elemento de Desarrollo Econ\u00f3mico incluye una discusi\u00f3n de los costos esperados de operar la ciudad en el futuro y las fuentes de ingresos potenciales que probablemente est\u00e9n disponibles para cubrir esos costos. Entre otros prop\u00f3sitos, este elemento ayudar\u00e1 a la Ciudad a determinar si el nuevo desarrollo debe estar sujeto a tarifas diferentes a las que actualmente est\u00e1n en vigor para cubrir mejor los costos de crecimiento en la comunidad.<\/li><\/ul>\t\t\t\t\t\t\t\t<\/div>\n\t\t\t\t<\/div>\n\t\t\t\t<div class=\"elementor-element elementor-element-824c2bd elementor-widget elementor-widget-menu-anchor\" data-id=\"824c2bd\" data-element_type=\"widget\" data-e-type=\"widget\" data-widget_type=\"menu-anchor.default\">\n\t\t\t\t<div class=\"elementor-widget-container\">\n\t\t\t\t\t\t\t<div class=\"elementor-menu-anchor\" id=\"environmentalreview\"><\/div>\n\t\t\t\t\t\t<\/div>\n\t\t\t\t<\/div>\n\t\t\t\t<div class=\"elementor-element elementor-element-df7ae58 elementor-widget elementor-widget-heading\" data-id=\"df7ae58\" data-element_type=\"widget\" data-e-type=\"widget\" data-widget_type=\"heading.default\">\n\t\t\t\t<div class=\"elementor-widget-container\">\n\t\t\t\t\t<h2 class=\"elementor-heading-title elementor-size-default\">Revisi\u00f3n Ambiental<\/h2>\t\t\t\t<\/div>\n\t\t\t\t<\/div>\n\t\t\t\t<div class=\"elementor-element elementor-element-b3a3008 elementor-widget elementor-widget-text-editor\" data-id=\"b3a3008\" data-element_type=\"widget\" data-e-type=\"widget\" data-widget_type=\"text-editor.default\">\n\t\t\t\t<div class=\"elementor-widget-container\">\n\t\t\t\t\t\t\t\t\t<p>La ley de California requiere que la Ciudad lleve a cabo un an\u00e1lisis exhaustivo de los posibles impactos ambientales del Plan General actualizado para asegurar que el desarrollo futuro y los cambios en las pol\u00edticas no afecten negativamente a nuestra comunidad. Este componente implica la preparaci\u00f3n de un Informe de Impacto Ambiental (EIR) para identificar los posibles impactos ambientales y las medidas que podemos tomar para reducirlos o evitarlos. Para este proyecto se utilizar\u00e1 un programa EIR que analiza los impactos ambientales de la Actualizaci\u00f3n del Plan General y las medidas de implementaci\u00f3n.<\/p>\t\t\t\t\t\t\t\t<\/div>\n\t\t\t\t<\/div>\n\t\t\t\t<div class=\"elementor-element elementor-element-4923f3d elementor-widget elementor-widget-menu-anchor\" data-id=\"4923f3d\" data-element_type=\"widget\" data-e-type=\"widget\" data-widget_type=\"menu-anchor.default\">\n\t\t\t\t<div class=\"elementor-widget-container\">\n\t\t\t\t\t\t\t<div class=\"elementor-menu-anchor\" id=\"housingelement\"><\/div>\n\t\t\t\t\t\t<\/div>\n\t\t\t\t<\/div>\n\t\t\t\t<div class=\"elementor-element elementor-element-5625561 elementor-widget elementor-widget-heading\" data-id=\"5625561\" data-element_type=\"widget\" data-e-type=\"widget\" data-widget_type=\"heading.default\">\n\t\t\t\t<div class=\"elementor-widget-container\">\n\t\t\t\t\t<h2 class=\"elementor-heading-title elementor-size-default\">Actualizaci\u00f3n del Elemento de Vivienda<\/h2>\t\t\t\t<\/div>\n\t\t\t\t<\/div>\n\t\t\t\t<div class=\"elementor-element elementor-element-5acebb0 elementor-widget elementor-widget-text-editor\" data-id=\"5acebb0\" data-element_type=\"widget\" data-e-type=\"widget\" data-widget_type=\"text-editor.default\">\n\t\t\t\t<div class=\"elementor-widget-container\">\n\t\t\t\t\t\t\t\t\t<p>El Elemento de Vivienda es uno de los elementos requeridos del Plan General. Identificar\u00e1 la direcci\u00f3n de la pol\u00edtica para satisfacer las necesidades de vivienda de la ciudad, tanto preservando las viviendas existentes como aclarando las prioridades para la creaci\u00f3n de viviendas. El Elemento incluir\u00e1 una visi\u00f3n general de las pol\u00edticas y programas de vivienda e identificar\u00e1 lugares que puedan acomodar viviendas futuras. El Elemento de Vivienda ser\u00e1 revisado por el Departamento de Vivienda y Desarrollo Comunitario del Estado. Debido al tiempo de adopci\u00f3n requerido por el Estado, el Elemento de Vivienda se preparar\u00e1 en una v\u00eda separada pero paralela al Plan General.\u00a0<\/p>\t\t\t\t\t\t\t\t<\/div>\n\t\t\t\t<\/div>\n\t\t\t\t\t<\/div>\n\t\t<\/div>\n\t\t\t\t\t<\/div>\n\t\t<\/section>\n\t\t\t\t<\/div>","protected":false},"excerpt":{"rendered":"<p>Why is a general plan important? The General Plan is our &#8216;constitution&#8217; for planning and growth. General Plan Update The General Plan outlines the goals for physical growth, conservation, and [&hellip;]<\/p>","protected":false},"author":1,"featured_media":0,"parent":0,"menu_order":0,"comment_status":"closed","ping_status":"closed","template":"elementor_header_footer","meta":{"_EventAllDay":false,"_EventTimezone":"","_EventStartDate":"","_EventEndDate":"","_EventStartDateUTC":"","_EventEndDateUTC":"","_EventShowMap":false,"_EventShowMapLink":false,"_EventURL":"","_EventCost":"","_EventCostDescription":"","_EventCurrencySymbol":"","_EventCurrencyCode":"","_EventCurrencyPosition":"","_EventDateTimeSeparator":"","_EventTimeRangeSeparator":"","_EventOrganizerID":[],"_EventVenueID":[],"_OrganizerEmail":"","_OrganizerPhone":"","_OrganizerWebsite":"","_VenueAddress":"","_VenueCity":"","_VenueCountry":"","_VenueProvince":"","_VenueState":"","_VenueZip":"","_VenuePhone":"","_VenueURL":"","_VenueStateProvince":"","_VenueLat":"","_VenueLng":"","_VenueShowMap":false,"_VenueShowMapLink":false,"_mc_calendar":[],"footnotes":""},"class_list":["post-9106","page","type-page","status-publish","hentry"],"aioseo_notices":[],"_links":{"self":[{"href":"https:\/\/www.soledadgeneralplan2045.com\/es\/wp-json\/wp\/v2\/pages\/9106","targetHints":{"allow":["GET"]}}],"collection":[{"href":"https:\/\/www.soledadgeneralplan2045.com\/es\/wp-json\/wp\/v2\/pages"}],"about":[{"href":"https:\/\/www.soledadgeneralplan2045.com\/es\/wp-json\/wp\/v2\/types\/page"}],"author":[{"embeddable":true,"href":"https:\/\/www.soledadgeneralplan2045.com\/es\/wp-json\/wp\/v2\/users\/1"}],"replies":[{"embeddable":true,"href":"https:\/\/www.soledadgeneralplan2045.com\/es\/wp-json\/wp\/v2\/comments?post=9106"}],"version-history":[{"count":134,"href":"https:\/\/www.soledadgeneralplan2045.com\/es\/wp-json\/wp\/v2\/pages\/9106\/revisions"}],"predecessor-version":[{"id":20072,"href":"https:\/\/www.soledadgeneralplan2045.com\/es\/wp-json\/wp\/v2\/pages\/9106\/revisions\/20072"}],"wp:attachment":[{"href":"https:\/\/www.soledadgeneralplan2045.com\/es\/wp-json\/wp\/v2\/media?parent=9106"}],"curies":[{"name":"wp","href":"https:\/\/api.w.org\/{rel}","templated":true}]}}