{"id":9108,"date":"2021-05-10T07:18:13","date_gmt":"2021-05-10T07:18:13","guid":{"rendered":"https:\/\/www.soledadgeneralplan2045.com\/?page_id=9108"},"modified":"2023-05-03T15:03:37","modified_gmt":"2023-05-03T22:03:37","slug":"events-and-workshops","status":"publish","type":"page","link":"https:\/\/www.soledadgeneralplan2045.com\/es\/events-and-workshops\/","title":{"rendered":"Eventos y talleres comunitarios"},"content":{"rendered":"<div data-elementor-type=\"wp-page\" data-elementor-id=\"9108\" class=\"elementor elementor-9108\">\n\t\t\t\t\t\t<section class=\"elementor-section elementor-top-section elementor-element elementor-element-165d421d elementor-section-height-min-height elementor-section-boxed elementor-section-height-default elementor-section-items-middle\" data-id=\"165d421d\" data-element_type=\"section\" data-e-type=\"section\" data-settings=\"{&quot;background_background&quot;:&quot;classic&quot;}\">\n\t\t\t\t\t\t\t<div class=\"elementor-background-overlay\"><\/div>\n\t\t\t\t\t\t\t<div class=\"elementor-container elementor-column-gap-extended\">\n\t\t\t\t\t<div class=\"elementor-column elementor-col-100 elementor-top-column elementor-element elementor-element-7b518103\" data-id=\"7b518103\" data-element_type=\"column\" data-e-type=\"column\">\n\t\t\t<div class=\"elementor-widget-wrap elementor-element-populated\">\n\t\t\t\t\t\t<div class=\"elementor-element elementor-element-775cc5f5 elementor-widget elementor-widget-heading\" data-id=\"775cc5f5\" data-element_type=\"widget\" data-e-type=\"widget\" data-widget_type=\"heading.default\">\n\t\t\t\t<div class=\"elementor-widget-container\">\n\t\t\t\t\t<h2 class=\"elementor-heading-title elementor-size-default\">Eventos y talleres comunitarios<\/h2>\t\t\t\t<\/div>\n\t\t\t\t<\/div>\n\t\t\t\t\t<\/div>\n\t\t<\/div>\n\t\t\t\t\t<\/div>\n\t\t<\/section>\n\t\t\t\t<section class=\"elementor-section elementor-top-section elementor-element elementor-element-09cb23f elementor-section-full_width elementor-section-height-default elementor-section-height-default\" data-id=\"09cb23f\" data-element_type=\"section\" data-e-type=\"section\">\n\t\t\t\t\t\t<div class=\"elementor-container elementor-column-gap-no\">\n\t\t\t\t\t<div class=\"elementor-column elementor-col-100 elementor-top-column elementor-element elementor-element-97f2af7\" data-id=\"97f2af7\" data-element_type=\"column\" data-e-type=\"column\">\n\t\t\t<div class=\"elementor-widget-wrap elementor-element-populated\">\n\t\t\t\t\t\t<div class=\"elementor-element elementor-element-2d5f140 elementor-widget elementor-widget-nav-menu\" data-id=\"2d5f140\" data-element_type=\"widget\" data-e-type=\"widget\" data-widget_type=\"nav-menu.default\">\n\t\t\t\t<div class=\"elementor-widget-container\">\n\t\t\t\t\t \t\t\t\t<\/div>\n\t\t\t\t<\/div>\n\t\t\t\t\t<\/div>\n\t\t<\/div>\n\t\t\t\t\t<\/div>\n\t\t<\/section>\n\t\t\t\t<section class=\"elementor-section elementor-top-section elementor-element elementor-element-9b6dfc3 elementor-section-boxed elementor-section-height-default elementor-section-height-default\" data-id=\"9b6dfc3\" data-element_type=\"section\" data-e-type=\"section\">\n\t\t\t\t\t\t<div class=\"elementor-container elementor-column-gap-extended\">\n\t\t\t\t\t<div class=\"elementor-column elementor-col-100 elementor-top-column elementor-element elementor-element-44c44c8\" data-id=\"44c44c8\" data-element_type=\"column\" data-e-type=\"column\">\n\t\t\t<div class=\"elementor-widget-wrap elementor-element-populated\">\n\t\t\t\t\t\t<div class=\"elementor-element elementor-element-d2b96e2 elementor-widget elementor-widget-text-editor\" data-id=\"d2b96e2\" data-element_type=\"widget\" data-e-type=\"widget\" data-widget_type=\"text-editor.default\">\n\t\t\t\t<div class=\"elementor-widget-container\">\n\t\t\t\t\t\t\t\t\t<p>Los talleres y eventos comunitarios son una importante parte del proceso de Actualizaci\u00f3n del Plan General. Los futuros eventos se publicar\u00e1n una vez que la fecha, la hora y el lugar hayan sido finalizados. \u00a1Esperamos tener su asistencia a los eventos durante todo el proceso!<\/p>\t\t\t\t\t\t\t\t<\/div>\n\t\t\t\t<\/div>\n\t\t\t\t<div class=\"elementor-element elementor-element-38b429d elementor-widget elementor-widget-spacer\" data-id=\"38b429d\" data-element_type=\"widget\" data-e-type=\"widget\" data-widget_type=\"spacer.default\">\n\t\t\t\t<div class=\"elementor-widget-container\">\n\t\t\t\t\t\t\t<div class=\"elementor-spacer\">\n\t\t\t<div class=\"elementor-spacer-inner\"><\/div>\n\t\t<\/div>\n\t\t\t\t\t\t<\/div>\n\t\t\t\t<\/div>\n\t\t\t\t<div class=\"elementor-element elementor-element-cab126a elementor-widget elementor-widget-heading\" data-id=\"cab126a\" data-element_type=\"widget\" data-e-type=\"widget\" data-widget_type=\"heading.default\">\n\t\t\t\t<div class=\"elementor-widget-container\">\n\t\t\t\t\t<h2 class=\"elementor-heading-title elementor-size-default\">Pr\u00f3ximos Eventos <\/h2>\t\t\t\t<\/div>\n\t\t\t\t<\/div>\n\t\t\t\t<div class=\"elementor-element elementor-element-b1647d3 elementor-widget elementor-widget-spacer\" data-id=\"b1647d3\" data-element_type=\"widget\" data-e-type=\"widget\" data-widget_type=\"spacer.default\">\n\t\t\t\t<div class=\"elementor-widget-container\">\n\t\t\t\t\t\t\t<div class=\"elementor-spacer\">\n\t\t\t<div class=\"elementor-spacer-inner\"><\/div>\n\t\t<\/div>\n\t\t\t\t\t\t<\/div>\n\t\t\t\t<\/div>\n\t\t\t\t<div class=\"elementor-element elementor-element-d9312c9 elementor-widget elementor-widget-shortcode\" data-id=\"d9312c9\" data-element_type=\"widget\" data-e-type=\"widget\" data-widget_type=\"shortcode.default\">\n\t\t\t\t<div class=\"elementor-widget-container\">\n\t\t\t\t\t\t\t<div class=\"elementor-shortcode\"><div class='mc-event-list-container'><ul id='upcoming-events-54e27803c2fe9dfec6b172f070b9ebc5' class='mc-event-list no-events-fallback upcoming-events list-events'><li class=\"\">No hay eventos en este momento.<\/li><\/ul><\/div><\/div>\n\t\t\t\t\t\t<\/div>\n\t\t\t\t<\/div>\n\t\t\t\t<div class=\"elementor-element elementor-element-c8b327a elementor-widget elementor-widget-spacer\" data-id=\"c8b327a\" data-element_type=\"widget\" data-e-type=\"widget\" data-widget_type=\"spacer.default\">\n\t\t\t\t<div class=\"elementor-widget-container\">\n\t\t\t\t\t\t\t<div class=\"elementor-spacer\">\n\t\t\t<div class=\"elementor-spacer-inner\"><\/div>\n\t\t<\/div>\n\t\t\t\t\t\t<\/div>\n\t\t\t\t<\/div>\n\t\t\t\t<div class=\"elementor-element elementor-element-e7d4a1a elementor-widget elementor-widget-heading\" data-id=\"e7d4a1a\" data-element_type=\"widget\" data-e-type=\"widget\" data-widget_type=\"heading.default\">\n\t\t\t\t<div class=\"elementor-widget-container\">\n\t\t\t\t\t<h2 class=\"elementor-heading-title elementor-size-default\">Eventos Pasados <\/h2>\t\t\t\t<\/div>\n\t\t\t\t<\/div>\n\t\t\t\t<div class=\"elementor-element elementor-element-f13c3e9 elementor-widget elementor-widget-spacer\" data-id=\"f13c3e9\" data-element_type=\"widget\" data-e-type=\"widget\" data-widget_type=\"spacer.default\">\n\t\t\t\t<div class=\"elementor-widget-container\">\n\t\t\t\t\t\t\t<div class=\"elementor-spacer\">\n\t\t\t<div class=\"elementor-spacer-inner\"><\/div>\n\t\t<\/div>\n\t\t\t\t\t\t<\/div>\n\t\t\t\t<\/div>\n\t\t\t\t<div class=\"elementor-element elementor-element-9addcf3 elementor-widget elementor-widget-shortcode\" data-id=\"9addcf3\" data-element_type=\"widget\" data-e-type=\"widget\" data-widget_type=\"shortcode.default\">\n\t\t\t\t<div class=\"elementor-widget-container\">\n\t\t\t\t\t\t\t<div class=\"elementor-shortcode\"><div class='mc-event-list-container'><ul id='upcoming-events-6f82c9b57608bd59ac5b910523caa8c1' class='mc-event-list upcoming-events list-events'>\n<li class=\"mc-mc_upcoming_25 upcoming-event mc_events-and-workshops mc_soledad-community-center past-event mc_primary_events-and-workshops nonrecurring mc-2-hours mc-start-17-30 ungrouped mc-event-22 mc-events mc_rel_events-and-workshops\"><a style=\"font-size:20pt;font-weight:700;color:#002866\">Actualizaci\u00f3n del Plan General - Taller comunitario interactivo<\/a><br>\r\n<span style=\"font-weight:600;color:#082c45\">3 de octubre de 2024, 5:30 pm\u20137:30 pm<\/span><br>\r\n<span style=\"font-weight:700;color:#082c45\">Soledad Community Center <\/span><br>\r\n<span style=\"font-weight:600;color:#082c45\">Gran sala, 560 Walker Drive , Soledad<\/span><br>\r\n<span style=\"color:#222222\"><p>El equipo del Plan General organiz\u00f3 un taller comunitario interactivo para recibir opiniones sobre d\u00f3nde le gustar\u00eda a la comunidad ver m\u00e1s viviendas, centros comerciales, carriles bici y otros servicios en la ciudad.<\/p>\n<p><img fetchpriority=\"high\" decoding=\"async\" class=\"alignnone size-large wp-image-20550\" src=\"https:\/\/www.soledadgeneralplan2045.com\/wp-content\/uploads\/2024\/10\/IMG_1691-1024x768.jpg\" alt=\"\" width=\"524\" height=\"268\" \/><\/p>\n<p><strong>Resultados del taller<\/strong><\/p>\n<ul>\n<li><span style=\"text-decoration: underline\"><a href=\"https:\/\/www.soledadgeneralplan2045.com\/wp-content\/uploads\/2024\/10\/Workshop-Photo-Board-Results.pdf\">Resultados de las fotos<\/a><\/span><\/li>\n<li><span style=\"text-decoration: underline\"><a href=\"https:\/\/www.soledadgeneralplan2045.com\/wp-content\/uploads\/2024\/10\/Workshop-Table-Exercise-Results.pdf\">Ejercicio de mesa<\/a><\/span><\/li>\n<\/ul>\n<\/span><br>\r\n<em>Vea <span style=\"text-decoration:underline\"><a href='https:\/\/www.soledadgeneralplan2045.com\/es\/mc-events\/general-plan-update-interactive-community-workshop\/' class='mc-details' rel=\"nofollow\">Details about General Plan Update - Interactive Community Workshop<\/a><\/span><\/em><\/li>\n\n<li class=\"mc-mc_upcoming_26 upcoming-event mc_events-and-workshops mc_front-street past-event mc_primary_events-and-workshops nonrecurring mc-7-hours mc-start-11-00 ungrouped mc-event-23 mc-events mc_rel_events-and-workshops\"><a style=\"font-size:20pt;font-weight:700;color:#002866\">Evento Pop-Up: Soledad Hot Summer Days<\/a><br>\r\n<span style=\"font-weight:600;color:#082c45\">July 6, 2024, 11:00 am\u20136:00 pm<\/span><br>\r\n<span style=\"font-weight:700;color:#082c45\">Front Street<\/span><br>\r\n<span style=\"font-weight:600;color:#082c45\">Front Street, Soledad<\/span><br>\r\n<span style=\"color:#222222\"><p>El equipo del Plan General tuvo un stand en Soledad's Hot Summer Days.<\/p>\n<p><img decoding=\"async\" class=\"alignnone size-large wp-image-20089\" src=\"https:\/\/www.soledadgeneralplan2045.com\/wp-content\/uploads\/2024\/09\/Booth-1-scaled.jpg\" alt=\"\" width=\"450\" height=\"450\" \/><\/p>\n<p><strong>Event Materials<\/strong><\/p>\n<ul>\n<li><span style=\"text-decoration: underline\"><a href=\"https:\/\/www.soledadgeneralplan2045.com\/wp-content\/uploads\/2024\/09\/Community-Feedback.pdf\">Community Feedback<\/a><\/span><\/li>\n<\/ul>\n<\/span><br>\r\n<em>Vea <span style=\"text-decoration:underline\"><a href='https:\/\/www.soledadgeneralplan2045.com\/es\/mc-events\/pop-up-event-soledad-hot-summer-days-2\/' class='mc-details' rel=\"nofollow\">Details about Pop-Up Event: Soledad Hot Summer Days<\/a><\/span><\/em><\/li>\n\n<li class=\"mc-mc_upcoming_21 upcoming-event mc_events-and-workshops mc_community-center past-event mc_primary_events-and-workshops nonrecurring mc-3-hours mc-start-18-00 ungrouped mc-event-19 mc-events mc_rel_events-and-workshops\"><a style=\"font-size:20pt;font-weight:700;color:#002866\">Evento Pop-Up: Estado de la Ciudad<\/a><br>\r\n<span style=\"font-weight:600;color:#082c45\">Febrero 28, 2024, 5:00 pm\u20137:30 pm<\/span><br>\r\n<span style=\"font-weight:700;color:#082c45\">Centro Comunitario<\/span><br>\r\n<span style=\"font-weight:600;color:#082c45\">560 Walker Drive, Soledad<\/span><br>\r\n<span style=\"color:#222222\"><p>El equipo del Plan General fue al Estado de la Ciudad para recibir comentarios sobre el Borrador de la Visi\u00f3n y los Principios que nos gu\u00edan para la Actualizaci\u00f3n del Plan General.<\/p>\n<\/span><br>\r\n<em>Vea <span style=\"text-decoration:underline\"><a href='https:\/\/www.soledadgeneralplan2045.com\/es\/mc-events\/pop-up-event-state-of-the-city\/' class='mc-details' rel=\"nofollow\">Details about Pop-Up Event: State of the City<\/a><\/span><\/em><\/li>\n\n<li class=\"mc-mc_upcoming_20 upcoming-event mc_events-and-workshops mc_community-center past-event mc_primary_events-and-workshops nonrecurring mc-2-hours mc-start-18-30 ungrouped mc-event-18 mc-events mc_rel_events-and-workshops\"><a style=\"font-size:20pt;font-weight:700;color:#002866\">Evento Pop-Up: Taller de vivienda asequible Las Viviendas<\/a><br>\r\n<span style=\"font-weight:600;color:#082c45\">Febrero 26, 2024, 5:30 pm\u20137:00 pm<\/span><br>\r\n<span style=\"font-weight:700;color:#082c45\">Centro Comunitario<\/span><br>\r\n<span style=\"font-weight:600;color:#082c45\">560 Walker Drive, Soledad<\/span><br>\r\n<span style=\"color:#222222\"><p>El equipo del Plan General organiz\u00f3 el Taller de Viviendas Asequibles de Las Viviendas para recibir comentarios sobre el borrador de la visi\u00f3n y los principios que nos gu\u00eda para la actualizaci\u00f3n del Plan General.<\/p>\n<\/span><br>\r\n<em>Vea <span style=\"text-decoration:underline\"><a href='https:\/\/www.soledadgeneralplan2045.com\/es\/mc-events\/pop-up-event-las-viviendas-affordable-housing-workshop\/' class='mc-details' rel=\"nofollow\">Details about Pop-Up Event: Las Viviendas Affordable Housing Workshop<\/a><\/span><\/em><\/li>\n\n<li class=\"mc-mc_upcoming_18 upcoming-event mc_events-and-workshops mc_community-center past-event mc_primary_events-and-workshops nonrecurring mc-3-hours mc-start-16-00 ungrouped mc-event-16 mc-events mc_rel_events-and-workshops\"><a style=\"font-size:20pt;font-weight:700;color:#002866\">Actualizaci\u00f3n del Plan General - Dia De Los Muertos  Evento Comunitario<\/a><br>\r\n<span style=\"font-weight:600;color:#082c45\">November 2, 2023, 4:00 pm\u20137:00 pm<\/span><br>\r\n<span style=\"font-weight:700;color:#082c45\">Centro Comunitario<\/span><br>\r\n<span style=\"font-weight:600;color:#082c45\">560 Walker Drive, Soledad<\/span><br>\r\n<span style=\"color:#222222\"><p>El 2 de noviembre, la Ciudad tuvo un evento del D\u00eda de los Muertos de 4:00 a 7:00pm. El evento incluy\u00f3 un concurso de Catrin y Catrina, actuaciones y m\u00e1s. Se pidi\u00f3 a los asistentes que imaginaran el futuro de Soledad durante los pr\u00f3ximos 20 a\u00f1os. Los comentarios recibidos durante el evento ayudar\u00e1n a dar forma a la visi\u00f3n del Plan General Siempre Soledad 2045. \u00a1Gracias por su participaci\u00f3n!<\/p>\n<p><img decoding=\"async\" class=\"alignnone wp-image-20194\" src=\"https:\/\/www.soledadgeneralplan2045.com\/wp-content\/uploads\/2023\/11\/Tencia-819x1024.jpg\" alt=\"\" width=\"245\" height=\"307\" srcset=\"https:\/\/www.soledadgeneralplan2045.com\/wp-content\/uploads\/2023\/11\/Tencia-819x1024.jpg 819w, https:\/\/www.soledadgeneralplan2045.com\/wp-content\/uploads\/2023\/11\/Tencia-240x300.jpg 240w, https:\/\/www.soledadgeneralplan2045.com\/wp-content\/uploads\/2023\/11\/Tencia-768x960.jpg 768w, https:\/\/www.soledadgeneralplan2045.com\/wp-content\/uploads\/2023\/11\/Tencia-1229x1536.jpg 1229w, https:\/\/www.soledadgeneralplan2045.com\/wp-content\/uploads\/2023\/11\/Tencia-10x12.jpg 10w, https:\/\/www.soledadgeneralplan2045.com\/wp-content\/uploads\/2023\/11\/Tencia.jpg 1440w\" sizes=\"(max-width: 245px) 100vw, 245px\" \/> <img loading=\"lazy\" decoding=\"async\" class=\"alignnone wp-image-20192\" src=\"https:\/\/www.soledadgeneralplan2045.com\/wp-content\/uploads\/2023\/11\/PW-booth-819x1024.jpg\" alt=\"\" width=\"245\" height=\"307\" srcset=\"https:\/\/www.soledadgeneralplan2045.com\/wp-content\/uploads\/2023\/11\/PW-booth-819x1024.jpg 819w, https:\/\/www.soledadgeneralplan2045.com\/wp-content\/uploads\/2023\/11\/PW-booth-240x300.jpg 240w, https:\/\/www.soledadgeneralplan2045.com\/wp-content\/uploads\/2023\/11\/PW-booth-768x960.jpg 768w, https:\/\/www.soledadgeneralplan2045.com\/wp-content\/uploads\/2023\/11\/PW-booth-1229x1536.jpg 1229w, https:\/\/www.soledadgeneralplan2045.com\/wp-content\/uploads\/2023\/11\/PW-booth-10x12.jpg 10w, https:\/\/www.soledadgeneralplan2045.com\/wp-content\/uploads\/2023\/11\/PW-booth.jpg 1440w\" sizes=\"(max-width: 245px) 100vw, 245px\" \/><\/p>\n<p><img loading=\"lazy\" decoding=\"async\" class=\"alignnone wp-image-20193\" src=\"https:\/\/www.soledadgeneralplan2045.com\/wp-content\/uploads\/2023\/11\/survey-820x1024.jpg\" alt=\"\" width=\"162\" height=\"202\" srcset=\"https:\/\/www.soledadgeneralplan2045.com\/wp-content\/uploads\/2023\/11\/survey-820x1024.jpg 820w, https:\/\/www.soledadgeneralplan2045.com\/wp-content\/uploads\/2023\/11\/survey-240x300.jpg 240w, https:\/\/www.soledadgeneralplan2045.com\/wp-content\/uploads\/2023\/11\/survey-768x959.jpg 768w, https:\/\/www.soledadgeneralplan2045.com\/wp-content\/uploads\/2023\/11\/survey-1229x1536.jpg 1229w, https:\/\/www.soledadgeneralplan2045.com\/wp-content\/uploads\/2023\/11\/survey-10x12.jpg 10w, https:\/\/www.soledadgeneralplan2045.com\/wp-content\/uploads\/2023\/11\/survey.jpg 1440w\" sizes=\"(max-width: 162px) 100vw, 162px\" \/> <img loading=\"lazy\" decoding=\"async\" class=\"alignnone wp-image-20195\" src=\"https:\/\/www.soledadgeneralplan2045.com\/wp-content\/uploads\/2023\/11\/2-amigos-again-820x1024.jpg\" alt=\"\" width=\"163\" height=\"204\" srcset=\"https:\/\/www.soledadgeneralplan2045.com\/wp-content\/uploads\/2023\/11\/2-amigos-again-820x1024.jpg 820w, https:\/\/www.soledadgeneralplan2045.com\/wp-content\/uploads\/2023\/11\/2-amigos-again-240x300.jpg 240w, https:\/\/www.soledadgeneralplan2045.com\/wp-content\/uploads\/2023\/11\/2-amigos-again-768x959.jpg 768w, https:\/\/www.soledadgeneralplan2045.com\/wp-content\/uploads\/2023\/11\/2-amigos-again-1229x1536.jpg 1229w, https:\/\/www.soledadgeneralplan2045.com\/wp-content\/uploads\/2023\/11\/2-amigos-again-10x12.jpg 10w, https:\/\/www.soledadgeneralplan2045.com\/wp-content\/uploads\/2023\/11\/2-amigos-again.jpg 1440w\" sizes=\"(max-width: 163px) 100vw, 163px\" \/> <img loading=\"lazy\" decoding=\"async\" class=\"alignnone wp-image-20196\" src=\"https:\/\/www.soledadgeneralplan2045.com\/wp-content\/uploads\/2023\/11\/contest-winners-820x1024.jpg\" alt=\"\" width=\"163\" height=\"203\" srcset=\"https:\/\/www.soledadgeneralplan2045.com\/wp-content\/uploads\/2023\/11\/contest-winners-820x1024.jpg 820w, https:\/\/www.soledadgeneralplan2045.com\/wp-content\/uploads\/2023\/11\/contest-winners-240x300.jpg 240w, https:\/\/www.soledadgeneralplan2045.com\/wp-content\/uploads\/2023\/11\/contest-winners-768x959.jpg 768w, https:\/\/www.soledadgeneralplan2045.com\/wp-content\/uploads\/2023\/11\/contest-winners-1229x1536.jpg 1229w, https:\/\/www.soledadgeneralplan2045.com\/wp-content\/uploads\/2023\/11\/contest-winners-10x12.jpg 10w, https:\/\/www.soledadgeneralplan2045.com\/wp-content\/uploads\/2023\/11\/contest-winners.jpg 1440w\" sizes=\"(max-width: 163px) 100vw, 163px\" \/><\/p>\n<p>&nbsp;<\/p>\n<p>&nbsp;<\/p>\n<\/span><br>\r\n<em>Vea <span style=\"text-decoration:underline\"><a href='https:\/\/www.soledadgeneralplan2045.com\/es\/mc-events\/general-plan-update-dia-de-los-muertos-community-event\/' class='mc-details' rel=\"nofollow\">Details about General Plan Update - Dia De Los Muertos Community Event<\/a><\/span><\/em><\/li>\n\n<li class=\"mc-mc_upcoming_16 upcoming-event mc_events-and-workshops mc_soledad-street past-event mc_primary_events-and-workshops nonrecurring mc-4-hours mc-start-16-00 ungrouped mc-event-15 mc-events mc_rel_events-and-workshops\"><a style=\"font-size:20pt;font-weight:700;color:#002866\">Evento Pop-Up: Mercado de Agricultores<\/a><br>\r\n<span style=\"font-weight:600;color:#082c45\">September 28, 2023, 4:00 pm\u20138:00 pm<\/span><br>\r\n<span style=\"font-weight:700;color:#082c45\">Soledad Street<\/span><br>\r\n<span style=\"font-weight:600;color:#082c45\">137 Soledad Street, Soledad<\/span><br>\r\n<span style=\"color:#222222\"><p>El equipo del Plan General realiz\u00f3 un stand en el Mercado de Agricultores de Soledad.<\/p>\n<\/span><br>\r\n<em>Vea <span style=\"text-decoration:underline\"><a href='https:\/\/www.soledadgeneralplan2045.com\/es\/mc-events\/pop-up-event-farmers-market\/' class='mc-details' rel=\"nofollow\">Details about Pop-Up Event: Farmers Market<\/a><\/span><\/em><\/li>\n\n<li class=\"mc-mc_upcoming_9 upcoming-event mc_events-and-workshops mc_front-street past-event mc_primary_events-and-workshops nonrecurring mc-7-hours mc-start-11-00 ungrouped mc-event-9 mc-events mc_rel_events-and-workshops\"><a style=\"font-size:20pt;font-weight:700;color:#002866\">Evento Pop-Up: Soledad Hot Summer Days<\/a><br>\r\n<span style=\"font-weight:600;color:#082c45\">July 8, 2023, 11:00 am\u20136:00 pm<\/span><br>\r\n<span style=\"font-weight:700;color:#082c45\">Front Street<\/span><br>\r\n<span style=\"font-weight:600;color:#082c45\">Front Street, Soledad<\/span><br>\r\n<span style=\"color:#222222\"><p>El equipo del Plan General tuvo un stand en Soledad's Hot Summer Days.<\/p>\n<p><img loading=\"lazy\" decoding=\"async\" class=\"alignnone size-large wp-image-20089\" src=\"https:\/\/www.soledadgeneralplan2045.com\/wp-content\/uploads\/2023\/08\/MicrosoftTeams-image-8-768x1024.jpg\" alt=\"\" width=\"250\" height=\"250\" \/><\/p>\n<\/span><br>\r\n<em>Vea <span style=\"text-decoration:underline\"><a href='https:\/\/www.soledadgeneralplan2045.com\/es\/mc-events\/pop-up-event-soledad-hot-summer-days\/' class='mc-details' rel=\"nofollow\">Details about Pop-Up Event: Soledad Hot Summer Days<\/a><\/span><\/em><\/li>\n\n<li class=\"mc-mc_upcoming_7 upcoming-event mc_events-and-workshops mc_community-room-at-hartnell-college past-event mc_primary_events-and-workshops nonrecurring mc-2-hours mc-start-18-00 ungrouped mc-event-7 mc-events mc_rel_events-and-workshops\"><a style=\"font-size:20pt;font-weight:700;color:#002866\">Actualizaci\u00f3n del Elemento de Vivienda - Taller comunitario<\/a><br>\r\n<span style=\"font-weight:600;color:#082c45\">April 11, 2023, 6:00 pm\u20137:30 pm<\/span><br>\r\n<span style=\"font-weight:700;color:#082c45\">Cuarto Comunitario en Hartnell College<\/span><br>\r\n<span style=\"font-weight:600;color:#082c45\">1505 Metz Road, Soledad<\/span><br>\r\n<span style=\"color:#222222\"><p>La Ciudad tuvo un taller comunitario sobre la Actualizaci\u00f3n del Elemento de Vivienda 2023-2031.<\/p>\n<p><img loading=\"lazy\" decoding=\"async\" class=\"alignnone size-full wp-image-18833\" src=\"https:\/\/www.soledadgeneralplan2045.com\/wp-content\/uploads\/2023\/04\/Dot-excercise_web.jpg\" alt=\"background header image\" width=\"250\" height=\"700\" \/><\/p>\n<p><strong>Materiales de la reuni\u00f3n<\/strong><\/p>\n<ul>\n<li><span style=\"text-decoration: underline\"><a href=\"https:\/\/www.soledadgeneralplan2045.com\/wp-content\/uploads\/2023\/05\/Workshop_Study-Session_April-2023-v3-English.pdf\">Presentaci\u00f3n (Ingl\u00e9s)<\/a><\/span><\/li>\n<li><span style=\"text-decoration: underline\"><a href=\"https:\/\/www.soledadgeneralplan2045.com\/wp-content\/uploads\/2023\/05\/Workshop_Study-Session_April-2023-v3-Spanish.pdf\">Presentaci\u00f3n (<!--StartFragment --><span class=\"cf0\">Espa\u00f1ol<\/span><!--EndFragment -->)<\/a><\/span><\/li>\n<li><span style=\"text-decoration: underline\"><a href=\"https:\/\/www.soledadgeneralplan2045.com\/wp-content\/uploads\/2023\/05\/Factsheet_English.pdf\">Hoja informativa (Ingl\u00e9s)<\/a><\/span><\/li>\n<li><a href=\"https:\/\/www.soledadgeneralplan2045.com\/wp-content\/uploads\/2023\/05\/Factsheet_Spanish.pdf\"><span style=\"text-decoration: underline\">Hoja informativa (<!--StartFragment --><span class=\"cf0\">Espa\u00f1ol<\/span><!--EndFragment -->)<\/span><\/a><\/li>\n<\/ul>\n<\/span><br>\r\n<em>Vea <span style=\"text-decoration:underline\"><a href='https:\/\/www.soledadgeneralplan2045.com\/es\/mc-events\/housing-element-update-community-workshop\/' class='mc-details' rel=\"nofollow\">Details about Housing Element Update - Community Workshop<\/a><\/span><\/em><\/li>\n<\/ul><\/div><\/div>\n\t\t\t\t\t\t<\/div>\n\t\t\t\t<\/div>\n\t\t\t\t\t<\/div>\n\t\t<\/div>\n\t\t\t\t\t<\/div>\n\t\t<\/section>\n\t\t\t\t<\/div>","protected":false},"excerpt":{"rendered":"<p>Community Events and Workshops Community workshops and events are an important part of the General Plan Update process. Future workshops and events will be posted once the date, time, and [&hellip;]<\/p>","protected":false},"author":1,"featured_media":0,"parent":0,"menu_order":0,"comment_status":"closed","ping_status":"closed","template":"elementor_header_footer","meta":{"_EventAllDay":false,"_EventTimezone":"","_EventStartDate":"","_EventEndDate":"","_EventStartDateUTC":"","_EventEndDateUTC":"","_EventShowMap":false,"_EventShowMapLink":false,"_EventURL":"","_EventCost":"","_EventCostDescription":"","_EventCurrencySymbol":"","_EventCurrencyCode":"","_EventCurrencyPosition":"","_EventDateTimeSeparator":"","_EventTimeRangeSeparator":"","_EventOrganizerID":[],"_EventVenueID":[],"_OrganizerEmail":"","_OrganizerPhone":"","_OrganizerWebsite":"","_VenueAddress":"","_VenueCity":"","_VenueCountry":"","_VenueProvince":"","_VenueState":"","_VenueZip":"","_VenuePhone":"","_VenueURL":"","_VenueStateProvince":"","_VenueLat":"","_VenueLng":"","_VenueShowMap":false,"_VenueShowMapLink":false,"_mc_calendar":[],"footnotes":""},"class_list":["post-9108","page","type-page","status-publish","hentry"],"aioseo_notices":[],"_links":{"self":[{"href":"https:\/\/www.soledadgeneralplan2045.com\/es\/wp-json\/wp\/v2\/pages\/9108","targetHints":{"allow":["GET"]}}],"collection":[{"href":"https:\/\/www.soledadgeneralplan2045.com\/es\/wp-json\/wp\/v2\/pages"}],"about":[{"href":"https:\/\/www.soledadgeneralplan2045.com\/es\/wp-json\/wp\/v2\/types\/page"}],"author":[{"embeddable":true,"href":"https:\/\/www.soledadgeneralplan2045.com\/es\/wp-json\/wp\/v2\/users\/1"}],"replies":[{"embeddable":true,"href":"https:\/\/www.soledadgeneralplan2045.com\/es\/wp-json\/wp\/v2\/comments?post=9108"}],"version-history":[{"count":97,"href":"https:\/\/www.soledadgeneralplan2045.com\/es\/wp-json\/wp\/v2\/pages\/9108\/revisions"}],"predecessor-version":[{"id":19854,"href":"https:\/\/www.soledadgeneralplan2045.com\/es\/wp-json\/wp\/v2\/pages\/9108\/revisions\/19854"}],"wp:attachment":[{"href":"https:\/\/www.soledadgeneralplan2045.com\/es\/wp-json\/wp\/v2\/media?parent=9108"}],"curies":[{"name":"wp","href":"https:\/\/api.w.org\/{rel}","templated":true}]}}